{"id":175,"date":"2023-01-24T16:18:16","date_gmt":"2023-01-24T15:18:16","guid":{"rendered":"http:\/\/7com.ovh\/?page_id=175"},"modified":"2024-04-29T19:19:20","modified_gmt":"2024-04-29T17:19:20","slug":"lequipe-sept-com-2","status":"publish","type":"page","link":"https:\/\/7com.ovh\/index.php\/lequipe-sept-com-2\/","title":{"rendered":"L&#8217;\u00e9quipe Sept Com"},"content":{"rendered":"\t\t<div data-elementor-type=\"wp-page\" data-elementor-id=\"175\" class=\"elementor elementor-175\">\n\t\t\t\t\t\t\t<div class=\"elementor-element elementor-element-3748824 e-con-boxed e-con\" data-id=\"3748824\" data-element_type=\"container\" data-settings=\"{&quot;content_width&quot;:&quot;boxed&quot;}\">\n\t\t\t\t\t<div class=\"e-con-inner\">\n\t\t\t\t<div class=\"elementor-element elementor-element-8bb013a elementor-widget elementor-widget-carousel-slider-elementor\" data-id=\"8bb013a\" data-element_type=\"widget\" data-widget_type=\"carousel-slider-elementor.default\">\n\t\t\t\t<div class=\"elementor-widget-container\">\n\t\t\t<div class=\"carousel-slider-elementor-widget\"><div class=\"carousel-slider-outer carousel-slider-outer-image-carousel carousel-slider-outer-181\" style=\"--carousel-slider-nav-color:#f1f1f1;--carousel-slider-active-nav-color:#00d1b2;--carousel-slider-arrow-size:48px;--carousel-slider-bullet-size:10px\">\n<div id=\"&#039;id-181\" class=\"carousel-slider carousel-slider-181 arrows-visibility-hover dots-visibility-never arrows-outside dots-center dots-circle owl-carousel\" data-slide-type=\"image-carousel\" data-owl-settings='{\"nav\":true,\"dots\":false,\"slideBy\":1,\"stagePadding\":25,\"margin\":100,\"loop\":false,\"lazyLoad\":true,\"autoplay\":true,\"autoplayTimeout\":5000,\"autoplaySpeed\":500,\"autoplayHoverPause\":true,\"autoWidth\":true,\"responsive\":{\"300\":{\"items\":1},\"576\":{\"items\":2},\"768\":{\"items\":3},\"1024\":{\"items\":4},\"1280\":{\"items\":5},\"1536\":{\"items\":6}}}'>\n<div class=\"carousel-slider__item\">\n\t<img class=\"owl-lazy\" data-src=\"https:\/\/7com.ovh\/wp-content\/uploads\/2023\/01\/ANNE-aitzegagh-gerante-sept-com.jpg\" alt=\"\"><div class=\"carousel-slider__caption\"><h4 class=\"title\">Anne Aitzegagh<\/h4><p class=\"caption\">G\u00e9rante de Sept Com<\/p><\/div><\/a><\/div>\n\n<div class=\"carousel-slider__item\">\n\t<img class=\"owl-lazy\" data-src=\"https:\/\/7com.ovh\/wp-content\/uploads\/2024\/04\/Sebastien-Delamonica.png\" alt=\"S\u00e9bastien D\u00e9lamonica\"><div class=\"carousel-slider__caption\"><h4 class=\"title\">S\u00e9bastien D\u00e9lamonica<\/h4><p class=\"caption\">Logisticien<\/p><\/div><\/a><\/div>\n\n<div class=\"carousel-slider__item\">\n\t<img class=\"owl-lazy\" data-src=\"https:\/\/7com.ovh\/wp-content\/uploads\/2023\/01\/cedric.jpg\" alt=\"C\u00e9dric Baert\"><div class=\"carousel-slider__caption\"><h4 class=\"title\">C\u00e9dric Baert<\/h4><p class=\"caption\">Logisticien<\/p><\/div><\/a><\/div>\n\n<\/div><!-- .carousel-slider-181 -->\n<\/div><!-- .carousel-slider-outer-181 -->\n<\/div>\t\t<\/div>\n\t\t\t\t<\/div>\n\t\t\t\t\t<\/div>\n\t\t\t\t<\/div>\n\t\t<div class=\"elementor-element elementor-element-732f624 e-con-boxed e-con\" data-id=\"732f624\" data-element_type=\"container\" data-settings=\"{&quot;content_width&quot;:&quot;boxed&quot;}\">\n\t\t\t\t\t<div class=\"e-con-inner\">\n\t\t\t\t<div class=\"elementor-element elementor-element-bb86d83 elementor-widget elementor-widget-text-editor\" data-id=\"bb86d83\" data-element_type=\"widget\" data-widget_type=\"text-editor.default\">\n\t\t\t\t<div class=\"elementor-widget-container\">\n\t\t\t<style>\/*! elementor - v3.11.1 - 15-02-2023 *\/\n.elementor-widget-text-editor.elementor-drop-cap-view-stacked .elementor-drop-cap{background-color:#818a91;color:#fff}.elementor-widget-text-editor.elementor-drop-cap-view-framed .elementor-drop-cap{color:#818a91;border:3px solid;background-color:transparent}.elementor-widget-text-editor:not(.elementor-drop-cap-view-default) .elementor-drop-cap{margin-top:8px}.elementor-widget-text-editor:not(.elementor-drop-cap-view-default) .elementor-drop-cap-letter{width:1em;height:1em}.elementor-widget-text-editor .elementor-drop-cap{float:left;text-align:center;line-height:1;font-size:50px}.elementor-widget-text-editor .elementor-drop-cap-letter{display:inline-block}<\/style>\t\t\t\t<p>L\u2019\u00e9quipe Sept Com, c\u2019est trois personnes mobilis\u00e9es \u00e0 temps plein pour garantir la visibilit\u00e9 de vos documents :<\/p>\n<p>\u00b7 <strong>Anne Aitzegagh<\/strong>, co-fondatrice et g\u00e9rante,<br>\u00b7 <strong>S\u00e9bastien D\u00e9lamonica&nbsp;<\/strong>et <strong>C\u00e9dric Baert<\/strong> (plus de dix ans d\u2019anciennet\u00e9), les deux logisticiens qui sillonnent la r\u00e9gion \u00e0 longueur d\u2019ann\u00e9e pour y d\u00e9ployer vos campagnes.<\/p>\n<p>L\u2019\u00e9quipe permanente s\u2019appuie sur un r\u00e9seau de partenaires fid\u00e8les qui relaient vos campagnes hors du territoire des Hauts-de-France.<\/p>\n<p><strong>Sept Com<\/strong> est mobilis\u00e9e depuis pr\u00e8s de trente ans autour d\u2019un seul objectif : faire du bon travail, c\u2019est-\u00e0-dire offrir \u00e0 vos campagnes la meilleure visibilit\u00e9 pour que vos \u00e9v\u00e9nements soient une r\u00e9ussite.<\/p>\t\t\t\t\t\t<\/div>\n\t\t\t\t<\/div>\n\t\t\t\t\t<\/div>\n\t\t\t\t<\/div>\n\t\t<div class=\"elementor-element elementor-element-f9c9b63 e-con-boxed e-con\" data-id=\"f9c9b63\" data-element_type=\"container\" data-settings=\"{&quot;content_width&quot;:&quot;boxed&quot;}\">\n\t\t\t\t\t<div class=\"e-con-inner\">\n\t\t\t\t<div class=\"elementor-element elementor-element-beba17d elementor-widget elementor-widget-heading\" data-id=\"beba17d\" data-element_type=\"widget\" data-widget_type=\"heading.default\">\n\t\t\t\t<div class=\"elementor-widget-container\">\n\t\t\t<style>\/*! elementor - v3.11.1 - 15-02-2023 *\/\n.elementor-heading-title{padding:0;margin:0;line-height:1}.elementor-widget-heading .elementor-heading-title[class*=elementor-size-]>a{color:inherit;font-size:inherit;line-height:inherit}.elementor-widget-heading .elementor-heading-title.elementor-size-small{font-size:15px}.elementor-widget-heading .elementor-heading-title.elementor-size-medium{font-size:19px}.elementor-widget-heading .elementor-heading-title.elementor-size-large{font-size:29px}.elementor-widget-heading .elementor-heading-title.elementor-size-xl{font-size:39px}.elementor-widget-heading .elementor-heading-title.elementor-size-xxl{font-size:59px}<\/style><h2 class=\"elementor-heading-title elementor-size-default\">Nos valeurs : l\u2019expertise, la rigueur et la transparence<\/h2>\t\t<\/div>\n\t\t\t\t<\/div>\n\t\t\t\t\t<\/div>\n\t\t\t\t<\/div>\n\t\t<div class=\"elementor-element elementor-element-e374740 e-con-boxed e-con\" data-id=\"e374740\" data-element_type=\"container\" data-settings=\"{&quot;content_width&quot;:&quot;boxed&quot;}\">\n\t\t\t\t\t<div class=\"e-con-inner\">\n\t\t\t\t<div class=\"elementor-element elementor-element-187c98c elementor-widget elementor-widget-text-editor\" data-id=\"187c98c\" data-element_type=\"widget\" data-widget_type=\"text-editor.default\">\n\t\t\t\t<div class=\"elementor-widget-container\">\n\t\t\t\t\t\t\t<p>L\u2019expertise, car <strong>depuis pr\u00e8s de trente ans<\/strong>, nous diffusons les outils de communication d\u2019un grand nombre d\u2019acteurs culturels, touristiques et institutionnels qui continuent \u00e0 nous faire confiance. Depuis tout ce temps, nous traquons partout dans la r\u00e9gion les nouveaux lieux qui rendent nos r\u00e9seaux plus performants et engageons des partenariats avec des professionnels fiables pour que vos campagnes sortent de nos fronti\u00e8res.<\/p><p>La rigueur, parce que <strong>nous ne promettons jamais ce que nous ne sommes pas en mesure d\u2019assurer<\/strong>. Quand nous nous engageons sur des d\u00e9lais, des dur\u00e9es de campagne, des couvertures g\u00e9ographiques, c\u2019est que nous sommes s\u00fbrs de nous. Sinon, nous pr\u00e9f\u00e9rons que vous alliez voir ailleurs.<\/p><p>La transparence, parce que <strong>nous ne vous demandons jamais de nous croire sur parole<\/strong>. Avec nous vous savez pr\u00e9cis\u00e9ment ce que vous achetez avant de signer, et toutes les missions que vous nous confiez sont attest\u00e9es avant d\u2019\u00eatre factur\u00e9es.<\/p>\t\t\t\t\t\t<\/div>\n\t\t\t\t<\/div>\n\t\t\t\t\t<\/div>\n\t\t\t\t<\/div>\n\t\t\t\t\t\t\t<\/div>\n\t\t","protected":false},"excerpt":{"rendered":"<p>Anne Aitzegagh G\u00e9rante de Sept Com David Jeannin Logisticien C\u00e9dric Baert Logisticien L\u2019\u00e9quipe Sept Com, c\u2019est trois personnes mobilis\u00e9es \u00e0 temps plein pour garantir la visibilit\u00e9 de vos documents : \u00b7 Anne Aitzegagh, co-fondatrice et g\u00e9rante,\u00b7 S\u00e9bastien D\u00e9lamonica&nbsp;et C\u00e9dric Baert (plus de dix ans d\u2019anciennet\u00e9), les deux logisticiens qui sillonnent la r\u00e9gion \u00e0 longueur d\u2019ann\u00e9e [&hellip;]<\/p>\n","protected":false},"author":1,"featured_media":0,"parent":0,"menu_order":0,"comment_status":"closed","ping_status":"closed","template":"","meta":{"footnotes":""},"class_list":["post-175","page","type-page","status-publish","hentry"],"_links":{"self":[{"href":"https:\/\/7com.ovh\/index.php\/wp-json\/wp\/v2\/pages\/175","targetHints":{"allow":["GET"]}}],"collection":[{"href":"https:\/\/7com.ovh\/index.php\/wp-json\/wp\/v2\/pages"}],"about":[{"href":"https:\/\/7com.ovh\/index.php\/wp-json\/wp\/v2\/types\/page"}],"author":[{"embeddable":true,"href":"https:\/\/7com.ovh\/index.php\/wp-json\/wp\/v2\/users\/1"}],"replies":[{"embeddable":true,"href":"https:\/\/7com.ovh\/index.php\/wp-json\/wp\/v2\/comments?post=175"}],"version-history":[{"count":29,"href":"https:\/\/7com.ovh\/index.php\/wp-json\/wp\/v2\/pages\/175\/revisions"}],"predecessor-version":[{"id":882,"href":"https:\/\/7com.ovh\/index.php\/wp-json\/wp\/v2\/pages\/175\/revisions\/882"}],"wp:attachment":[{"href":"https:\/\/7com.ovh\/index.php\/wp-json\/wp\/v2\/media?parent=175"}],"curies":[{"name":"wp","href":"https:\/\/api.w.org\/{rel}","templated":true}]}}