{"id":21,"date":"2023-01-12T17:52:43","date_gmt":"2023-01-12T16:52:43","guid":{"rendered":"http:\/\/7com.ovh\/?page_id=21"},"modified":"2023-03-09T15:56:08","modified_gmt":"2023-03-09T14:56:08","slug":"reseau-7com","status":"publish","type":"page","link":"https:\/\/7com.ovh\/index.php\/nos-reseaux\/reseau-7com\/","title":{"rendered":"R\u00e9seau 7com"},"content":{"rendered":"\t\t<div data-elementor-type=\"wp-page\" data-elementor-id=\"21\" class=\"elementor elementor-21\">\n\t\t\t\t\t\t\t<div class=\"elementor-element elementor-element-fd0002a e-con-boxed e-con\" data-id=\"fd0002a\" data-element_type=\"container\" data-settings=\"{&quot;content_width&quot;:&quot;boxed&quot;}\">\n\t\t\t\t\t<div class=\"e-con-inner\">\n\t\t\t\t<div class=\"elementor-element elementor-element-7a35135 elementor-widget elementor-widget-heading\" data-id=\"7a35135\" data-element_type=\"widget\" data-widget_type=\"heading.default\">\n\t\t\t\t<div class=\"elementor-widget-container\">\n\t\t\t<style>\/*! elementor - v3.11.1 - 15-02-2023 *\/\n.elementor-heading-title{padding:0;margin:0;line-height:1}.elementor-widget-heading .elementor-heading-title[class*=elementor-size-]>a{color:inherit;font-size:inherit;line-height:inherit}.elementor-widget-heading .elementor-heading-title.elementor-size-small{font-size:15px}.elementor-widget-heading .elementor-heading-title.elementor-size-medium{font-size:19px}.elementor-widget-heading .elementor-heading-title.elementor-size-large{font-size:29px}.elementor-widget-heading .elementor-heading-title.elementor-size-xl{font-size:39px}.elementor-widget-heading .elementor-heading-title.elementor-size-xxl{font-size:59px}<\/style><h2 class=\"elementor-heading-title elementor-size-default\">Le r\u00e9seau qui part \u00e0 l\u2019assaut des urbains actifs<\/h2>\t\t<\/div>\n\t\t\t\t<\/div>\n\t\t\t\t\t<\/div>\n\t\t\t\t<\/div>\n\t\t<div class=\"elementor-element elementor-element-6a892a6 e-con-boxed e-con\" data-id=\"6a892a6\" data-element_type=\"container\" data-settings=\"{&quot;content_width&quot;:&quot;boxed&quot;}\">\n\t\t\t\t\t<div class=\"e-con-inner\">\n\t\t\t\t<div class=\"elementor-element elementor-element-dfe07d2 elementor-widget elementor-widget-text-editor\" data-id=\"dfe07d2\" data-element_type=\"widget\" data-widget_type=\"text-editor.default\">\n\t\t\t\t<div class=\"elementor-widget-container\">\n\t\t\t<style>\/*! elementor - v3.11.1 - 15-02-2023 *\/\n.elementor-widget-text-editor.elementor-drop-cap-view-stacked .elementor-drop-cap{background-color:#818a91;color:#fff}.elementor-widget-text-editor.elementor-drop-cap-view-framed .elementor-drop-cap{color:#818a91;border:3px solid;background-color:transparent}.elementor-widget-text-editor:not(.elementor-drop-cap-view-default) .elementor-drop-cap{margin-top:8px}.elementor-widget-text-editor:not(.elementor-drop-cap-view-default) .elementor-drop-cap-letter{width:1em;height:1em}.elementor-widget-text-editor .elementor-drop-cap{float:left;text-align:center;line-height:1;font-size:50px}.elementor-widget-text-editor .elementor-drop-cap-letter{display:inline-block}<\/style>\t\t\t\t<div class=\"column one\"><div class=\"inner-padding\"><h2>Pour le grand public de la m\u00e9tropole lilloise<\/h2><\/div><\/div><div class=\"column one\"><hr \/><\/div><div class=\"column one-second\"><div class=\"inner-padding\"><p>Sur une zone g\u00e9ographique concentr\u00e9e \u00e0 forte densit\u00e9 de population, <strong>le r\u00e9seau 7Com<\/strong> vous offre l\u2019acc\u00e8s \u00e0 un large public d\u2019urbains avides d\u2019information culturelle et ludique.<\/p><p>Le <strong>r\u00e9seau 7Com<\/strong>, c\u2019est une centaine de pr\u00e9sentoirs sur la m\u00e9tropole lilloise, implant\u00e9s dans des \u00e9tablissements incontournables. Il vous permet de toucher le public dans des moments de d\u00e9tente o\u00f9 il est particuli\u00e8rement r\u00e9ceptif.<\/p><h3>Avantages<\/h3><ul><li>Le <strong>r\u00e9seau 7Com<\/strong> vous ouvre les portes de restaurants, de cin\u00e9mas, d\u2019\u00e9tablissements culturels, de grandes \u00e9coles, d\u2019h\u00f4tels, pour capter tous ceux qui bougent sur la m\u00e9tropole lilloise.<\/li><li>Le<strong> r\u00e9seau 7Com<\/strong> vous laisse le choix : c\u2019est vous qui d\u00e9terminez la date de d\u00e9marrage de votre campagne.<\/li><li>Les <strong>pr\u00e9sentoirs 7Com<\/strong> accueillent tous vos formats de documents jusqu\u2019au A4.<\/li><\/ul><h3>Services +<\/h3><ul><li><strong>La garantie d\u2019une visibilit\u00e9 durable :<\/strong> les pr\u00e9sentoirs <strong>7Com<\/strong> sont r\u00e9approvisionn\u00e9s chaque semaine par nos soins. Pas de rupture, votre message reste disponible sur toute la dur\u00e9e de la campagne.<\/li><li><strong>L\u2019assurance du travail bien fait :<\/strong> d\u00e8s le d\u00e9marrage de votre campagne, vous recevez un reportage photo attestant de la mise en place de votre campagne.<\/li><\/ul><\/div><\/div><div class=\"column one-second\"><div class=\"scale-with-grid wp-caption no-hover border\">\u00a0<\/div><\/div><div class=\"column one\"><hr \/><\/div><div class=\"column one-second\"><div class=\"inner-padding\"><h3>Le r\u00e9seau 7Com, c\u2019est notamment :<\/h3><p>\u00b7 la Maison Folie Moulins,<br \/>. l\u2019h\u00f4tel Clarance,<br \/>\u00b7 l\u2019Orchestre National de Lille,<br \/>\u00b7 le Ballet du Nord,<br \/>. La Rose des Vents,<br \/>\u00b7 les cin\u00e9mas Le Majestic, Le M\u00e9li\u00e8s &amp; Le M\u00e9tropole,<br \/>\u00b7 Gastama H\u00f4tel &amp; Bar,<br \/>. le Moulin d\u2019Or,<br \/>. le Clock Work<br \/>\u00b7 Sciences Po Lille,<br \/>. l\u2019\u00c9cole Sup\u00e9rieure de Journalisme,<br \/>\u00b7 l\u2019EDHEC<br \/>\u00b7 l\u2019IAE<br \/>\u00b7 Monoprix Crois\u00e9-Laroche<\/p><\/div><\/div>\t\t\t\t\t\t<\/div>\n\t\t\t\t<\/div>\n\t\t<div class=\"elementor-element elementor-element-913b758 e-con-full e-con\" data-id=\"913b758\" data-element_type=\"container\" data-settings=\"{&quot;content_width&quot;:&quot;full&quot;}\">\n\t\t\t\t<div class=\"elementor-element elementor-element-4e88f96 elementor-arrows-position-inside elementor-pagination-position-outside elementor-widget elementor-widget-image-carousel\" data-id=\"4e88f96\" data-element_type=\"widget\" data-settings=\"{&quot;slides_to_show&quot;:&quot;1&quot;,&quot;navigation&quot;:&quot;both&quot;,&quot;autoplay&quot;:&quot;yes&quot;,&quot;pause_on_hover&quot;:&quot;yes&quot;,&quot;pause_on_interaction&quot;:&quot;yes&quot;,&quot;autoplay_speed&quot;:5000,&quot;infinite&quot;:&quot;yes&quot;,&quot;effect&quot;:&quot;slide&quot;,&quot;speed&quot;:500}\" data-widget_type=\"image-carousel.default\">\n\t\t\t\t<div class=\"elementor-widget-container\">\n\t\t\t<style>\/*! elementor - v3.11.1 - 15-02-2023 *\/\n.elementor-widget-image-carousel .swiper,.elementor-widget-image-carousel .swiper-container{position:static}.elementor-widget-image-carousel .swiper-container .swiper-slide figure,.elementor-widget-image-carousel .swiper .swiper-slide figure{line-height:inherit}.elementor-widget-image-carousel .swiper-slide{text-align:center}.elementor-image-carousel-wrapper:not(.swiper-container-initialized) .swiper-slide,.elementor-image-carousel-wrapper:not(.swiper-initialized) .swiper-slide{max-width:calc(100% \/ var(--e-image-carousel-slides-to-show, 3))}<\/style>\t\t<div class=\"elementor-image-carousel-wrapper swiper-container\" dir=\"ltr\">\n\t\t\t<div class=\"elementor-image-carousel swiper-wrapper\">\n\t\t\t\t\t\t\t\t<div class=\"swiper-slide\"><figure class=\"swiper-slide-inner\"><img decoding=\"async\" class=\"swiper-slide-image\" src=\"https:\/\/7com.ovh\/wp-content\/uploads\/2023\/02\/Presentoirs-7Com-2.png\" alt=\"Les pr\u00e9sentoirs 7Com\" \/><\/figure><\/div><div class=\"swiper-slide\"><figure class=\"swiper-slide-inner\"><img decoding=\"async\" class=\"swiper-slide-image\" src=\"https:\/\/7com.ovh\/wp-content\/uploads\/2023\/02\/Presentoirs-7Com-3.png\" alt=\"Les pr\u00e9sentoirs 7Com\u200b\" \/><\/figure><\/div><div class=\"swiper-slide\"><figure class=\"swiper-slide-inner\"><img decoding=\"async\" class=\"swiper-slide-image\" src=\"https:\/\/7com.ovh\/wp-content\/uploads\/2023\/02\/Presentoirs-7Com-1.png\" alt=\"Les pr\u00e9sentoirs 7Com\u200b\" \/><\/figure><\/div>\t\t\t<\/div>\n\t\t\t\t\t\t\t\t\t\t\t\t<div class=\"swiper-pagination\"><\/div>\n\t\t\t\t\t\t\t\t\t\t\t\t\t<div class=\"elementor-swiper-button elementor-swiper-button-prev\">\n\t\t\t\t\t\t<svg aria-hidden=\"true\" class=\"e-font-icon-svg e-eicon-chevron-left\" viewBox=\"0 0 1000 1000\" xmlns=\"http:\/\/www.w3.org\/2000\/svg\"><path d=\"M646 125C629 125 613 133 604 142L308 442C296 454 292 471 292 487 292 504 296 521 308 533L604 854C617 867 629 875 646 875 663 875 679 871 692 858 704 846 713 829 713 812 713 796 708 779 692 767L438 487 692 225C700 217 708 204 708 187 708 171 704 154 692 142 675 129 663 125 646 125Z\"><\/path><\/svg>\t\t\t\t\t\t<span class=\"elementor-screen-only\">Previous<\/span>\n\t\t\t\t\t<\/div>\n\t\t\t\t\t<div class=\"elementor-swiper-button elementor-swiper-button-next\">\n\t\t\t\t\t\t<svg aria-hidden=\"true\" class=\"e-font-icon-svg e-eicon-chevron-right\" viewBox=\"0 0 1000 1000\" xmlns=\"http:\/\/www.w3.org\/2000\/svg\"><path d=\"M696 533C708 521 713 504 713 487 713 471 708 454 696 446L400 146C388 133 375 125 354 125 338 125 325 129 313 142 300 154 292 171 292 187 292 204 296 221 308 233L563 492 304 771C292 783 288 800 288 817 288 833 296 850 308 863 321 871 338 875 354 875 371 875 388 867 400 854L696 533Z\"><\/path><\/svg>\t\t\t\t\t\t<span class=\"elementor-screen-only\">Next<\/span>\n\t\t\t\t\t<\/div>\n\t\t\t\t\t\t\t\t\t<\/div>\n\t\t\t\t<\/div>\n\t\t\t\t<\/div>\n\t\t\t\t<div class=\"elementor-element elementor-element-5936a73 elementor-arrows-position-inside elementor-pagination-position-outside elementor-widget elementor-widget-image-carousel\" data-id=\"5936a73\" data-element_type=\"widget\" data-settings=\"{&quot;slides_to_show&quot;:&quot;1&quot;,&quot;navigation&quot;:&quot;both&quot;,&quot;autoplay&quot;:&quot;yes&quot;,&quot;pause_on_hover&quot;:&quot;yes&quot;,&quot;pause_on_interaction&quot;:&quot;yes&quot;,&quot;autoplay_speed&quot;:5000,&quot;infinite&quot;:&quot;yes&quot;,&quot;effect&quot;:&quot;slide&quot;,&quot;speed&quot;:500}\" data-widget_type=\"image-carousel.default\">\n\t\t\t\t<div class=\"elementor-widget-container\">\n\t\t\t\t\t<div class=\"elementor-image-carousel-wrapper swiper-container\" dir=\"ltr\">\n\t\t\t<div class=\"elementor-image-carousel swiper-wrapper\">\n\t\t\t\t\t\t\t\t<div class=\"swiper-slide\"><a data-elementor-open-lightbox=\"yes\" data-elementor-lightbox-slideshow=\"5936a73\" data-elementor-lightbox-title=\"PORTFOLIO - Villa Cavrois\" data-e-action-hash=\"#elementor-action%3Aaction%3Dlightbox%26settings%3DeyJpZCI6NzU5LCJ1cmwiOiJodHRwczpcL1wvN2NvbS5vdmhcL3dwLWNvbnRlbnRcL3VwbG9hZHNcLzIwMjNcLzAzXC9QT1JURk9MSU8tVmlsbGEtQ2F2cm9pcy5wbmciLCJzbGlkZXNob3ciOiI1OTM2YTczIn0%3D\" href=\"http:\/\/7com.ovh\/index.php\/nos-realisations\/\"><figure class=\"swiper-slide-inner\"><img decoding=\"async\" class=\"swiper-slide-image\" src=\"https:\/\/7com.ovh\/wp-content\/uploads\/2023\/03\/PORTFOLIO-Villa-Cavrois-768x576.png\" alt=\"PORTFOLIO - Villa Cavrois\" \/><\/figure><\/a><\/div><div class=\"swiper-slide\"><a data-elementor-open-lightbox=\"yes\" data-elementor-lightbox-slideshow=\"5936a73\" data-elementor-lightbox-title=\"PORTFOLIO - Arras Pays d&#039;Artois Le Magazine\" data-e-action-hash=\"#elementor-action%3Aaction%3Dlightbox%26settings%3DeyJpZCI6NzU4LCJ1cmwiOiJodHRwczpcL1wvN2NvbS5vdmhcL3dwLWNvbnRlbnRcL3VwbG9hZHNcLzIwMjNcLzAzXC9QT1JURk9MSU8tQXJyYXMtUGF5cy1kQXJ0b2lzLUxlLU1hZ2F6aW5lLnBuZyIsInNsaWRlc2hvdyI6IjU5MzZhNzMifQ%3D%3D\" href=\"http:\/\/7com.ovh\/index.php\/nos-realisations\/\"><figure class=\"swiper-slide-inner\"><img decoding=\"async\" class=\"swiper-slide-image\" src=\"https:\/\/7com.ovh\/wp-content\/uploads\/2023\/03\/PORTFOLIO-Arras-Pays-dArtois-Le-Magazine-768x576.png\" alt=\"PORTFOLIO - Arras Pays d&#039;Artois Le Magazine\" \/><\/figure><\/a><\/div><div class=\"swiper-slide\"><a data-elementor-open-lightbox=\"yes\" data-elementor-lightbox-slideshow=\"5936a73\" data-elementor-lightbox-title=\"Orchestre National de Lille - Saison 2022 2023\" data-e-action-hash=\"#elementor-action%3Aaction%3Dlightbox%26settings%3DeyJpZCI6NzU3LCJ1cmwiOiJodHRwczpcL1wvN2NvbS5vdmhcL3dwLWNvbnRlbnRcL3VwbG9hZHNcLzIwMjNcLzAzXC9PcmNoZXN0cmUtTmF0aW9uYWwtZGUtTGlsbGUtU2Fpc29uLTIwMjItMjAyMy5wbmciLCJzbGlkZXNob3ciOiI1OTM2YTczIn0%3D\" href=\"http:\/\/7com.ovh\/index.php\/nos-realisations\/\"><figure class=\"swiper-slide-inner\"><img decoding=\"async\" class=\"swiper-slide-image\" src=\"https:\/\/7com.ovh\/wp-content\/uploads\/2023\/03\/Orchestre-National-de-Lille-Saison-2022-2023-768x576.png\" alt=\"Orchestre National de Lille - Saison 2022 2023\" \/><\/figure><\/a><\/div><div class=\"swiper-slide\"><a data-elementor-open-lightbox=\"yes\" data-elementor-lightbox-slideshow=\"5936a73\" data-elementor-lightbox-title=\"Arras Pays d&#039;Artois - Le Magazine\" data-e-action-hash=\"#elementor-action%3Aaction%3Dlightbox%26settings%3DeyJpZCI6NzU2LCJ1cmwiOiJodHRwczpcL1wvN2NvbS5vdmhcL3dwLWNvbnRlbnRcL3VwbG9hZHNcLzIwMjNcLzAzXC9BcnJhcy1QYXlzLWRBcnRvaXMtTGUtTWFnYXppbmUucG5nIiwic2xpZGVzaG93IjoiNTkzNmE3MyJ9\" href=\"http:\/\/7com.ovh\/index.php\/nos-realisations\/\"><figure class=\"swiper-slide-inner\"><img decoding=\"async\" class=\"swiper-slide-image\" src=\"https:\/\/7com.ovh\/wp-content\/uploads\/2023\/03\/Arras-Pays-dArtois-Le-Magazine-768x576.png\" alt=\"Arras Pays d&#039;Artois - Le Magazine\" \/><\/figure><\/a><\/div>\t\t\t<\/div>\n\t\t\t\t\t\t\t\t\t\t\t\t<div class=\"swiper-pagination\"><\/div>\n\t\t\t\t\t\t\t\t\t\t\t\t\t<div class=\"elementor-swiper-button elementor-swiper-button-prev\">\n\t\t\t\t\t\t<svg aria-hidden=\"true\" class=\"e-font-icon-svg e-eicon-chevron-left\" viewBox=\"0 0 1000 1000\" xmlns=\"http:\/\/www.w3.org\/2000\/svg\"><path d=\"M646 125C629 125 613 133 604 142L308 442C296 454 292 471 292 487 292 504 296 521 308 533L604 854C617 867 629 875 646 875 663 875 679 871 692 858 704 846 713 829 713 812 713 796 708 779 692 767L438 487 692 225C700 217 708 204 708 187 708 171 704 154 692 142 675 129 663 125 646 125Z\"><\/path><\/svg>\t\t\t\t\t\t<span class=\"elementor-screen-only\">Previous<\/span>\n\t\t\t\t\t<\/div>\n\t\t\t\t\t<div class=\"elementor-swiper-button elementor-swiper-button-next\">\n\t\t\t\t\t\t<svg aria-hidden=\"true\" class=\"e-font-icon-svg e-eicon-chevron-right\" viewBox=\"0 0 1000 1000\" xmlns=\"http:\/\/www.w3.org\/2000\/svg\"><path d=\"M696 533C708 521 713 504 713 487 713 471 708 454 696 446L400 146C388 133 375 125 354 125 338 125 325 129 313 142 300 154 292 171 292 187 292 204 296 221 308 233L563 492 304 771C292 783 288 800 288 817 288 833 296 850 308 863 321 871 338 875 354 875 371 875 388 867 400 854L696 533Z\"><\/path><\/svg>\t\t\t\t\t\t<span class=\"elementor-screen-only\">Next<\/span>\n\t\t\t\t\t<\/div>\n\t\t\t\t\t\t\t\t\t<\/div>\n\t\t\t\t<\/div>\n\t\t\t\t<\/div>\n\t\t\t\t<\/div>\n\t\t\t\t\t<\/div>\n\t\t\t\t<\/div>\n\t\t\t\t\t\t\t<\/div>\n\t\t","protected":false},"excerpt":{"rendered":"<p>Le r\u00e9seau qui part \u00e0 l\u2019assaut des urbains actifs Pour le grand public de la m\u00e9tropole lilloise Sur une zone g\u00e9ographique concentr\u00e9e \u00e0 forte densit\u00e9 de population, le r\u00e9seau 7Com vous offre l\u2019acc\u00e8s \u00e0 un large public d\u2019urbains avides d\u2019information culturelle et ludique. Le r\u00e9seau 7Com, c\u2019est une centaine de pr\u00e9sentoirs sur la m\u00e9tropole lilloise, [&hellip;]<\/p>\n","protected":false},"author":1,"featured_media":0,"parent":19,"menu_order":0,"comment_status":"closed","ping_status":"closed","template":"","meta":{"footnotes":""},"class_list":["post-21","page","type-page","status-publish","hentry"],"_links":{"self":[{"href":"https:\/\/7com.ovh\/index.php\/wp-json\/wp\/v2\/pages\/21","targetHints":{"allow":["GET"]}}],"collection":[{"href":"https:\/\/7com.ovh\/index.php\/wp-json\/wp\/v2\/pages"}],"about":[{"href":"https:\/\/7com.ovh\/index.php\/wp-json\/wp\/v2\/types\/page"}],"author":[{"embeddable":true,"href":"https:\/\/7com.ovh\/index.php\/wp-json\/wp\/v2\/users\/1"}],"replies":[{"embeddable":true,"href":"https:\/\/7com.ovh\/index.php\/wp-json\/wp\/v2\/comments?post=21"}],"version-history":[{"count":52,"href":"https:\/\/7com.ovh\/index.php\/wp-json\/wp\/v2\/pages\/21\/revisions"}],"predecessor-version":[{"id":769,"href":"https:\/\/7com.ovh\/index.php\/wp-json\/wp\/v2\/pages\/21\/revisions\/769"}],"up":[{"embeddable":true,"href":"https:\/\/7com.ovh\/index.php\/wp-json\/wp\/v2\/pages\/19"}],"wp:attachment":[{"href":"https:\/\/7com.ovh\/index.php\/wp-json\/wp\/v2\/media?parent=21"}],"curies":[{"name":"wp","href":"https:\/\/api.w.org\/{rel}","templated":true}]}}