{"id":27,"date":"2023-01-12T17:53:46","date_gmt":"2023-01-12T16:53:46","guid":{"rendered":"http:\/\/7com.ovh\/?page_id=27"},"modified":"2023-03-09T16:06:14","modified_gmt":"2023-03-09T15:06:14","slug":"reseaux-europeens","status":"publish","type":"page","link":"https:\/\/7com.ovh\/index.php\/nos-reseaux\/reseaux-europeens\/","title":{"rendered":"R\u00e9seaux Europ\u00e9ens"},"content":{"rendered":"\t\t<div data-elementor-type=\"wp-page\" data-elementor-id=\"27\" class=\"elementor elementor-27\">\n\t\t\t\t\t\t\t<div class=\"elementor-element elementor-element-6affd4f e-con-boxed e-con\" data-id=\"6affd4f\" data-element_type=\"container\" data-settings=\"{&quot;content_width&quot;:&quot;boxed&quot;}\">\n\t\t\t\t\t<div class=\"e-con-inner\">\n\t\t\t\t<div class=\"elementor-element elementor-element-20d75fa elementor-widget elementor-widget-text-editor\" data-id=\"20d75fa\" data-element_type=\"widget\" data-widget_type=\"text-editor.default\">\n\t\t\t\t<div class=\"elementor-widget-container\">\n\t\t\t<style>\/*! elementor - v3.11.1 - 15-02-2023 *\/\n.elementor-widget-text-editor.elementor-drop-cap-view-stacked .elementor-drop-cap{background-color:#818a91;color:#fff}.elementor-widget-text-editor.elementor-drop-cap-view-framed .elementor-drop-cap{color:#818a91;border:3px solid;background-color:transparent}.elementor-widget-text-editor:not(.elementor-drop-cap-view-default) .elementor-drop-cap{margin-top:8px}.elementor-widget-text-editor:not(.elementor-drop-cap-view-default) .elementor-drop-cap-letter{width:1em;height:1em}.elementor-widget-text-editor .elementor-drop-cap{float:left;text-align:center;line-height:1;font-size:50px}.elementor-widget-text-editor .elementor-drop-cap-letter{display:inline-block}<\/style>\t\t\t\t<div class=\"column one\"><div class=\"inner-padding\"><h2>Des partenaires europ\u00e9ens pour une diffusion hors de nos fronti\u00e8res<\/h2><\/div><\/div><div class=\"column one\"><hr \/><\/div><div class=\"column one-second\"><div class=\"inner-padding\"><p>Belgique, Pays-Bas, Luxembourg, Angleterre, gr\u00e2ce \u00e0 nos partenaires, nous faisons voyager vos campagnes \u00e0 travers des r\u00e9seaux de pr\u00e9sentoirs d\u00e9di\u00e9s. S\u00e9lectionn\u00e9s pour leur s\u00e9rieux et leur rigueur, nos partenaires partagent nos valeurs. Ils sont reconnus dans leur pays et offriront \u00e0 votre campagne la meilleure visibilit\u00e9.<\/p><h3>Service +<\/h3><ul><li>Pour vous, un seul point de livraison. Nous assurons l\u2019exp\u00e9dition de vos documents chez nos partenaires.<\/li><li>Comme pour nos propres r\u00e9seaux, les campagnes sont attest\u00e9es par des reportages photo ou des cahiers de tampons justificatifs.<\/li><\/ul><\/div><\/div>\t\t\t\t\t\t<\/div>\n\t\t\t\t<\/div>\n\t\t<div class=\"elementor-element elementor-element-c19c331 e-con-boxed e-con\" data-id=\"c19c331\" data-element_type=\"container\" data-settings=\"{&quot;content_width&quot;:&quot;boxed&quot;}\">\n\t\t\t\t\t<div class=\"e-con-inner\">\n\t\t\t\t<div class=\"elementor-element elementor-element-5b41489 elementor-widget elementor-widget-image\" data-id=\"5b41489\" data-element_type=\"widget\" data-widget_type=\"image.default\">\n\t\t\t\t<div class=\"elementor-widget-container\">\n\t\t\t<style>\/*! elementor - v3.11.1 - 15-02-2023 *\/\n.elementor-widget-image{text-align:center}.elementor-widget-image a{display:inline-block}.elementor-widget-image a img[src$=\".svg\"]{width:48px}.elementor-widget-image img{vertical-align:middle;display:inline-block}<\/style>\t\t\t\t\t\t\t\t\t\t\t\t<img loading=\"lazy\" decoding=\"async\" width=\"480\" height=\"380\" src=\"https:\/\/7com.ovh\/wp-content\/uploads\/2023\/01\/reseau-europeen-final.jpg\" class=\"attachment-large size-large wp-image-413\" alt=\"\" srcset=\"https:\/\/7com.ovh\/wp-content\/uploads\/2023\/01\/reseau-europeen-final.jpg 480w, https:\/\/7com.ovh\/wp-content\/uploads\/2023\/01\/reseau-europeen-final-300x238.jpg 300w\" sizes=\"auto, (max-width: 480px) 100vw, 480px\" \/>\t\t\t\t\t\t\t\t\t\t\t\t\t\t\t<\/div>\n\t\t\t\t<\/div>\n\t\t\t\t<div class=\"elementor-element elementor-element-06d1239 elementor-arrows-position-inside elementor-pagination-position-outside elementor-widget elementor-widget-image-carousel\" data-id=\"06d1239\" data-element_type=\"widget\" data-settings=\"{&quot;slides_to_show&quot;:&quot;1&quot;,&quot;navigation&quot;:&quot;both&quot;,&quot;autoplay&quot;:&quot;yes&quot;,&quot;pause_on_hover&quot;:&quot;yes&quot;,&quot;pause_on_interaction&quot;:&quot;yes&quot;,&quot;autoplay_speed&quot;:5000,&quot;infinite&quot;:&quot;yes&quot;,&quot;effect&quot;:&quot;slide&quot;,&quot;speed&quot;:500}\" data-widget_type=\"image-carousel.default\">\n\t\t\t\t<div class=\"elementor-widget-container\">\n\t\t\t<style>\/*! elementor - v3.11.1 - 15-02-2023 *\/\n.elementor-widget-image-carousel .swiper,.elementor-widget-image-carousel .swiper-container{position:static}.elementor-widget-image-carousel .swiper-container .swiper-slide figure,.elementor-widget-image-carousel .swiper .swiper-slide figure{line-height:inherit}.elementor-widget-image-carousel .swiper-slide{text-align:center}.elementor-image-carousel-wrapper:not(.swiper-container-initialized) .swiper-slide,.elementor-image-carousel-wrapper:not(.swiper-initialized) .swiper-slide{max-width:calc(100% \/ var(--e-image-carousel-slides-to-show, 3))}<\/style>\t\t<div class=\"elementor-image-carousel-wrapper swiper-container\" dir=\"ltr\">\n\t\t\t<div class=\"elementor-image-carousel swiper-wrapper\">\n\t\t\t\t\t\t\t\t<div class=\"swiper-slide\"><a data-elementor-open-lightbox=\"yes\" data-elementor-lightbox-slideshow=\"06d1239\" data-elementor-lightbox-title=\"Centre historique minier\" data-e-action-hash=\"#elementor-action%3Aaction%3Dlightbox%26settings%3DeyJpZCI6Nzg5LCJ1cmwiOiJodHRwczpcL1wvN2NvbS5vdmhcL3dwLWNvbnRlbnRcL3VwbG9hZHNcLzIwMjNcLzAzXC9DZW50cmUtaGlzdG9yaXF1ZS1taW5pZXIucG5nIiwic2xpZGVzaG93IjoiMDZkMTIzOSJ9\" href=\"http:\/\/7com.ovh\/index.php\/nos-realisations\/\"><figure class=\"swiper-slide-inner\"><img decoding=\"async\" class=\"swiper-slide-image\" src=\"https:\/\/7com.ovh\/wp-content\/uploads\/2023\/03\/Centre-historique-minier-768x576.png\" alt=\"Centre historique minier\" \/><\/figure><\/a><\/div><div class=\"swiper-slide\"><a data-elementor-open-lightbox=\"yes\" data-elementor-lightbox-slideshow=\"06d1239\" data-elementor-lightbox-title=\"FRAC\" data-e-action-hash=\"#elementor-action%3Aaction%3Dlightbox%26settings%3DeyJpZCI6NzkwLCJ1cmwiOiJodHRwczpcL1wvN2NvbS5vdmhcL3dwLWNvbnRlbnRcL3VwbG9hZHNcLzIwMjNcLzAzXC9GUkFDLnBuZyIsInNsaWRlc2hvdyI6IjA2ZDEyMzkifQ%3D%3D\" href=\"http:\/\/7com.ovh\/index.php\/nos-realisations\/\"><figure class=\"swiper-slide-inner\"><img decoding=\"async\" class=\"swiper-slide-image\" src=\"https:\/\/7com.ovh\/wp-content\/uploads\/2023\/03\/FRAC-768x576.png\" alt=\"FRAC\" \/><\/figure><\/a><\/div><div class=\"swiper-slide\"><a data-elementor-open-lightbox=\"yes\" data-elementor-lightbox-slideshow=\"06d1239\" data-elementor-lightbox-title=\"Institut de la photographie\" data-e-action-hash=\"#elementor-action%3Aaction%3Dlightbox%26settings%3DeyJpZCI6NzkxLCJ1cmwiOiJodHRwczpcL1wvN2NvbS5vdmhcL3dwLWNvbnRlbnRcL3VwbG9hZHNcLzIwMjNcLzAzXC9JbnN0aXR1dC1kZS1sYS1waG90b2dyYXBoaWUucG5nIiwic2xpZGVzaG93IjoiMDZkMTIzOSJ9\" href=\"http:\/\/7com.ovh\/index.php\/nos-realisations\/\"><figure class=\"swiper-slide-inner\"><img decoding=\"async\" class=\"swiper-slide-image\" src=\"https:\/\/7com.ovh\/wp-content\/uploads\/2023\/03\/Institut-de-la-photographie-768x576.png\" alt=\"Institut de la photographie\" \/><\/figure><\/a><\/div><div class=\"swiper-slide\"><a data-elementor-open-lightbox=\"yes\" data-elementor-lightbox-slideshow=\"06d1239\" data-elementor-lightbox-title=\"Louvre Lens - Programme J&#039;ai dix ans\" data-e-action-hash=\"#elementor-action%3Aaction%3Dlightbox%26settings%3DeyJpZCI6NzkyLCJ1cmwiOiJodHRwczpcL1wvN2NvbS5vdmhcL3dwLWNvbnRlbnRcL3VwbG9hZHNcLzIwMjNcLzAzXC9Mb3V2cmUtTGVucy1Qcm9ncmFtbWUtSmFpLWRpeC1hbnMtMS5wbmciLCJzbGlkZXNob3ciOiIwNmQxMjM5In0%3D\" href=\"http:\/\/7com.ovh\/index.php\/nos-realisations\/\"><figure class=\"swiper-slide-inner\"><img decoding=\"async\" class=\"swiper-slide-image\" src=\"https:\/\/7com.ovh\/wp-content\/uploads\/2023\/03\/Louvre-Lens-Programme-Jai-dix-ans-1-768x576.png\" alt=\"Louvre Lens - Programme J&#039;ai dix ans\" \/><\/figure><\/a><\/div>\t\t\t<\/div>\n\t\t\t\t\t\t\t\t\t\t\t\t<div class=\"swiper-pagination\"><\/div>\n\t\t\t\t\t\t\t\t\t\t\t\t\t<div class=\"elementor-swiper-button elementor-swiper-button-prev\">\n\t\t\t\t\t\t<svg aria-hidden=\"true\" class=\"e-font-icon-svg e-eicon-chevron-left\" viewBox=\"0 0 1000 1000\" xmlns=\"http:\/\/www.w3.org\/2000\/svg\"><path d=\"M646 125C629 125 613 133 604 142L308 442C296 454 292 471 292 487 292 504 296 521 308 533L604 854C617 867 629 875 646 875 663 875 679 871 692 858 704 846 713 829 713 812 713 796 708 779 692 767L438 487 692 225C700 217 708 204 708 187 708 171 704 154 692 142 675 129 663 125 646 125Z\"><\/path><\/svg>\t\t\t\t\t\t<span class=\"elementor-screen-only\">Previous<\/span>\n\t\t\t\t\t<\/div>\n\t\t\t\t\t<div class=\"elementor-swiper-button elementor-swiper-button-next\">\n\t\t\t\t\t\t<svg aria-hidden=\"true\" class=\"e-font-icon-svg e-eicon-chevron-right\" viewBox=\"0 0 1000 1000\" xmlns=\"http:\/\/www.w3.org\/2000\/svg\"><path d=\"M696 533C708 521 713 504 713 487 713 471 708 454 696 446L400 146C388 133 375 125 354 125 338 125 325 129 313 142 300 154 292 171 292 187 292 204 296 221 308 233L563 492 304 771C292 783 288 800 288 817 288 833 296 850 308 863 321 871 338 875 354 875 371 875 388 867 400 854L696 533Z\"><\/path><\/svg>\t\t\t\t\t\t<span class=\"elementor-screen-only\">Next<\/span>\n\t\t\t\t\t<\/div>\n\t\t\t\t\t\t\t\t\t<\/div>\n\t\t\t\t<\/div>\n\t\t\t\t<\/div>\n\t\t\t\t\t<\/div>\n\t\t\t\t<\/div>\n\t\t\t\t\t<\/div>\n\t\t\t\t<\/div>\n\t\t\t\t\t\t\t<\/div>\n\t\t","protected":false},"excerpt":{"rendered":"<p>Des partenaires europ\u00e9ens pour une diffusion hors de nos fronti\u00e8res Belgique, Pays-Bas, Luxembourg, Angleterre, gr\u00e2ce \u00e0 nos partenaires, nous faisons voyager vos campagnes \u00e0 travers des r\u00e9seaux de pr\u00e9sentoirs d\u00e9di\u00e9s. S\u00e9lectionn\u00e9s pour leur s\u00e9rieux et leur rigueur, nos partenaires partagent nos valeurs. Ils sont reconnus dans leur pays et offriront \u00e0 votre campagne la meilleure [&hellip;]<\/p>\n","protected":false},"author":1,"featured_media":0,"parent":19,"menu_order":0,"comment_status":"closed","ping_status":"closed","template":"","meta":{"footnotes":""},"class_list":["post-27","page","type-page","status-publish","hentry"],"_links":{"self":[{"href":"https:\/\/7com.ovh\/index.php\/wp-json\/wp\/v2\/pages\/27","targetHints":{"allow":["GET"]}}],"collection":[{"href":"https:\/\/7com.ovh\/index.php\/wp-json\/wp\/v2\/pages"}],"about":[{"href":"https:\/\/7com.ovh\/index.php\/wp-json\/wp\/v2\/types\/page"}],"author":[{"embeddable":true,"href":"https:\/\/7com.ovh\/index.php\/wp-json\/wp\/v2\/users\/1"}],"replies":[{"embeddable":true,"href":"https:\/\/7com.ovh\/index.php\/wp-json\/wp\/v2\/comments?post=27"}],"version-history":[{"count":10,"href":"https:\/\/7com.ovh\/index.php\/wp-json\/wp\/v2\/pages\/27\/revisions"}],"predecessor-version":[{"id":795,"href":"https:\/\/7com.ovh\/index.php\/wp-json\/wp\/v2\/pages\/27\/revisions\/795"}],"up":[{"embeddable":true,"href":"https:\/\/7com.ovh\/index.php\/wp-json\/wp\/v2\/pages\/19"}],"wp:attachment":[{"href":"https:\/\/7com.ovh\/index.php\/wp-json\/wp\/v2\/media?parent=27"}],"curies":[{"name":"wp","href":"https:\/\/api.w.org\/{rel}","templated":true}]}}