{"id":29,"date":"2023-01-12T17:54:04","date_gmt":"2023-01-12T16:54:04","guid":{"rendered":"http:\/\/7com.ovh\/?page_id=29"},"modified":"2023-03-09T16:06:58","modified_gmt":"2023-03-09T15:06:58","slug":"diffusion-sur-mesure","status":"publish","type":"page","link":"https:\/\/7com.ovh\/index.php\/nos-reseaux\/diffusion-sur-mesure\/","title":{"rendered":"Diffusion sur-mesure"},"content":{"rendered":"\t\t<div data-elementor-type=\"wp-page\" data-elementor-id=\"29\" class=\"elementor elementor-29\">\n\t\t\t\t\t\t\t<div class=\"elementor-element elementor-element-7ec508d e-con-boxed e-con\" data-id=\"7ec508d\" data-element_type=\"container\" data-settings=\"{&quot;content_width&quot;:&quot;boxed&quot;}\">\n\t\t\t\t\t<div class=\"e-con-inner\">\n\t\t\t\t<div class=\"elementor-element elementor-element-1a23b3f elementor-widget elementor-widget-text-editor\" data-id=\"1a23b3f\" data-element_type=\"widget\" data-widget_type=\"text-editor.default\">\n\t\t\t\t<div class=\"elementor-widget-container\">\n\t\t\t<style>\/*! elementor - v3.11.1 - 15-02-2023 *\/\n.elementor-widget-text-editor.elementor-drop-cap-view-stacked .elementor-drop-cap{background-color:#818a91;color:#fff}.elementor-widget-text-editor.elementor-drop-cap-view-framed .elementor-drop-cap{color:#818a91;border:3px solid;background-color:transparent}.elementor-widget-text-editor:not(.elementor-drop-cap-view-default) .elementor-drop-cap{margin-top:8px}.elementor-widget-text-editor:not(.elementor-drop-cap-view-default) .elementor-drop-cap-letter{width:1em;height:1em}.elementor-widget-text-editor .elementor-drop-cap{float:left;text-align:center;line-height:1;font-size:50px}.elementor-widget-text-editor .elementor-drop-cap-letter{display:inline-block}<\/style>\t\t\t\t<div class=\"column one\"><div class=\"inner-padding\"><h2>Pour que votre message aille toucher sa cible l\u00e0 o\u00f9 elle se cache<\/h2><\/div><\/div><div class=\"column one\"><hr \/><\/div><div class=\"column one-second\"><div class=\"inner-padding\"><p>Parce que nos r\u00e9seaux de pr\u00e9sentoirs r\u00e9gionaux ne peuvent pas satisfaire toutes les demandes, nous proposons des campagnes sur mesure, hors r\u00e9seaux. Apr\u00e8s avoir d\u00e9termin\u00e9 pr\u00e9cis\u00e9ment votre cible et identifi\u00e9 les lieux o\u00f9 la trouver, nous organisons le d\u00e9p\u00f4t de vos documents sur sites en autant de vagues que n\u00e9cessaire.<\/p><p>Et parce que vous avez parfois besoin d\u2019\u00e9largir la visibilit\u00e9 de vos campagnes, nous disposons de partenaires dans toutes les grandes villes de France, qui relaient votre message sur les sites les plus pertinents : vous souhaitez communiquer aupr\u00e8s des voyageurs empruntant les a\u00e9roports parisiens ? Nous vous proposons des pr\u00e9sentoirs dans les navettes Air France ; votre exposition, unique en France, va s\u00e9duire les amateurs d\u2019art de toute le pays ? Nous vous organisons une diffusion dans les grands mus\u00e9es nationaux.<\/p><h3>Service +<\/h3><ul><li>Vous d\u00e9cidez du timing de votre campagne.<\/li><li>Toutes nos campagnes sur mesure sont attest\u00e9es par l\u2019envoi de reportage photo ou de cahiers de tampons justificatifs.<\/li><\/ul><\/div><\/div>\t\t\t\t\t\t<\/div>\n\t\t\t\t<\/div>\n\t\t<div class=\"elementor-element elementor-element-e515f0d e-con-boxed e-con\" data-id=\"e515f0d\" data-element_type=\"container\" data-settings=\"{&quot;content_width&quot;:&quot;boxed&quot;}\">\n\t\t\t\t\t<div class=\"e-con-inner\">\n\t\t\t\t<div class=\"elementor-element elementor-element-9764f5d elementor-widget elementor-widget-image\" data-id=\"9764f5d\" data-element_type=\"widget\" data-widget_type=\"image.default\">\n\t\t\t\t<div class=\"elementor-widget-container\">\n\t\t\t<style>\/*! elementor - v3.11.1 - 15-02-2023 *\/\n.elementor-widget-image{text-align:center}.elementor-widget-image a{display:inline-block}.elementor-widget-image a img[src$=\".svg\"]{width:48px}.elementor-widget-image img{vertical-align:middle;display:inline-block}<\/style>\t\t\t\t\t\t\t\t\t\t\t\t<img loading=\"lazy\" decoding=\"async\" width=\"500\" height=\"400\" src=\"https:\/\/7com.ovh\/wp-content\/uploads\/2023\/01\/banniere-reseau-sur-mesure.jpg\" class=\"attachment-large size-large wp-image-420\" alt=\"\" srcset=\"https:\/\/7com.ovh\/wp-content\/uploads\/2023\/01\/banniere-reseau-sur-mesure.jpg 500w, https:\/\/7com.ovh\/wp-content\/uploads\/2023\/01\/banniere-reseau-sur-mesure-300x240.jpg 300w\" sizes=\"auto, (max-width: 500px) 100vw, 500px\" \/>\t\t\t\t\t\t\t\t\t\t\t\t\t\t\t<\/div>\n\t\t\t\t<\/div>\n\t\t\t\t<div class=\"elementor-element elementor-element-625ddf0 elementor-arrows-position-inside elementor-pagination-position-outside elementor-widget elementor-widget-image-carousel\" data-id=\"625ddf0\" data-element_type=\"widget\" data-settings=\"{&quot;slides_to_show&quot;:&quot;1&quot;,&quot;navigation&quot;:&quot;both&quot;,&quot;autoplay&quot;:&quot;yes&quot;,&quot;pause_on_hover&quot;:&quot;yes&quot;,&quot;pause_on_interaction&quot;:&quot;yes&quot;,&quot;autoplay_speed&quot;:5000,&quot;infinite&quot;:&quot;yes&quot;,&quot;effect&quot;:&quot;slide&quot;,&quot;speed&quot;:500}\" data-widget_type=\"image-carousel.default\">\n\t\t\t\t<div class=\"elementor-widget-container\">\n\t\t\t<style>\/*! elementor - v3.11.1 - 15-02-2023 *\/\n.elementor-widget-image-carousel .swiper,.elementor-widget-image-carousel .swiper-container{position:static}.elementor-widget-image-carousel .swiper-container .swiper-slide figure,.elementor-widget-image-carousel .swiper .swiper-slide figure{line-height:inherit}.elementor-widget-image-carousel .swiper-slide{text-align:center}.elementor-image-carousel-wrapper:not(.swiper-container-initialized) .swiper-slide,.elementor-image-carousel-wrapper:not(.swiper-initialized) .swiper-slide{max-width:calc(100% \/ var(--e-image-carousel-slides-to-show, 3))}<\/style>\t\t<div class=\"elementor-image-carousel-wrapper swiper-container\" dir=\"ltr\">\n\t\t\t<div class=\"elementor-image-carousel swiper-wrapper\">\n\t\t\t\t\t\t\t\t<div class=\"swiper-slide\"><a data-elementor-open-lightbox=\"yes\" data-elementor-lightbox-slideshow=\"625ddf0\" data-elementor-lightbox-title=\"medias tactiques - set de table\" data-e-action-hash=\"#elementor-action%3Aaction%3Dlightbox%26settings%3DeyJpZCI6Njk2LCJ1cmwiOiJodHRwczpcL1wvN2NvbS5vdmhcL3dwLWNvbnRlbnRcL3VwbG9hZHNcLzIwMjNcLzAyXC9tZWRpYXMtdGFjdGlxdWVzLXNldC1kZS10YWJsZS5wbmciLCJzbGlkZXNob3ciOiI2MjVkZGYwIn0%3D\" href=\"http:\/\/7com.ovh\/index.php\/nos-realisations\/\"><figure class=\"swiper-slide-inner\"><img decoding=\"async\" class=\"swiper-slide-image\" src=\"https:\/\/7com.ovh\/wp-content\/uploads\/2023\/02\/medias-tactiques-set-de-table.png\" alt=\"medias tactiques - set de table\" \/><\/figure><\/a><\/div><div class=\"swiper-slide\"><a data-elementor-open-lightbox=\"yes\" data-elementor-lightbox-slideshow=\"625ddf0\" data-elementor-lightbox-title=\"medias tactiques - emballage baguette\" data-e-action-hash=\"#elementor-action%3Aaction%3Dlightbox%26settings%3DeyJpZCI6Njk1LCJ1cmwiOiJodHRwczpcL1wvN2NvbS5vdmhcL3dwLWNvbnRlbnRcL3VwbG9hZHNcLzIwMjNcLzAyXC9tZWRpYXMtdGFjdGlxdWVzLWVtYmFsbGFnZS1iYWd1ZXR0ZS5wbmciLCJzbGlkZXNob3ciOiI2MjVkZGYwIn0%3D\" href=\"http:\/\/7com.ovh\/index.php\/nos-realisations\/\"><figure class=\"swiper-slide-inner\"><img decoding=\"async\" class=\"swiper-slide-image\" src=\"https:\/\/7com.ovh\/wp-content\/uploads\/2023\/02\/medias-tactiques-emballage-baguette.png\" alt=\"medias tactiques - emballage baguette\" \/><\/figure><\/a><\/div>\t\t\t<\/div>\n\t\t\t\t\t\t\t\t\t\t\t\t<div class=\"swiper-pagination\"><\/div>\n\t\t\t\t\t\t\t\t\t\t\t\t\t<div class=\"elementor-swiper-button elementor-swiper-button-prev\">\n\t\t\t\t\t\t<svg aria-hidden=\"true\" class=\"e-font-icon-svg e-eicon-chevron-left\" viewBox=\"0 0 1000 1000\" xmlns=\"http:\/\/www.w3.org\/2000\/svg\"><path d=\"M646 125C629 125 613 133 604 142L308 442C296 454 292 471 292 487 292 504 296 521 308 533L604 854C617 867 629 875 646 875 663 875 679 871 692 858 704 846 713 829 713 812 713 796 708 779 692 767L438 487 692 225C700 217 708 204 708 187 708 171 704 154 692 142 675 129 663 125 646 125Z\"><\/path><\/svg>\t\t\t\t\t\t<span class=\"elementor-screen-only\">Previous<\/span>\n\t\t\t\t\t<\/div>\n\t\t\t\t\t<div class=\"elementor-swiper-button elementor-swiper-button-next\">\n\t\t\t\t\t\t<svg aria-hidden=\"true\" class=\"e-font-icon-svg e-eicon-chevron-right\" viewBox=\"0 0 1000 1000\" xmlns=\"http:\/\/www.w3.org\/2000\/svg\"><path d=\"M696 533C708 521 713 504 713 487 713 471 708 454 696 446L400 146C388 133 375 125 354 125 338 125 325 129 313 142 300 154 292 171 292 187 292 204 296 221 308 233L563 492 304 771C292 783 288 800 288 817 288 833 296 850 308 863 321 871 338 875 354 875 371 875 388 867 400 854L696 533Z\"><\/path><\/svg>\t\t\t\t\t\t<span class=\"elementor-screen-only\">Next<\/span>\n\t\t\t\t\t<\/div>\n\t\t\t\t\t\t\t\t\t<\/div>\n\t\t\t\t<\/div>\n\t\t\t\t<\/div>\n\t\t\t\t\t<\/div>\n\t\t\t\t<\/div>\n\t\t\t\t\t<\/div>\n\t\t\t\t<\/div>\n\t\t\t\t\t\t\t<\/div>\n\t\t","protected":false},"excerpt":{"rendered":"<p>Pour que votre message aille toucher sa cible l\u00e0 o\u00f9 elle se cache Parce que nos r\u00e9seaux de pr\u00e9sentoirs r\u00e9gionaux ne peuvent pas satisfaire toutes les demandes, nous proposons des campagnes sur mesure, hors r\u00e9seaux. Apr\u00e8s avoir d\u00e9termin\u00e9 pr\u00e9cis\u00e9ment votre cible et identifi\u00e9 les lieux o\u00f9 la trouver, nous organisons le d\u00e9p\u00f4t de vos documents [&hellip;]<\/p>\n","protected":false},"author":1,"featured_media":0,"parent":19,"menu_order":0,"comment_status":"closed","ping_status":"closed","template":"","meta":{"footnotes":""},"class_list":["post-29","page","type-page","status-publish","hentry"],"_links":{"self":[{"href":"https:\/\/7com.ovh\/index.php\/wp-json\/wp\/v2\/pages\/29","targetHints":{"allow":["GET"]}}],"collection":[{"href":"https:\/\/7com.ovh\/index.php\/wp-json\/wp\/v2\/pages"}],"about":[{"href":"https:\/\/7com.ovh\/index.php\/wp-json\/wp\/v2\/types\/page"}],"author":[{"embeddable":true,"href":"https:\/\/7com.ovh\/index.php\/wp-json\/wp\/v2\/users\/1"}],"replies":[{"embeddable":true,"href":"https:\/\/7com.ovh\/index.php\/wp-json\/wp\/v2\/comments?post=29"}],"version-history":[{"count":13,"href":"https:\/\/7com.ovh\/index.php\/wp-json\/wp\/v2\/pages\/29\/revisions"}],"predecessor-version":[{"id":798,"href":"https:\/\/7com.ovh\/index.php\/wp-json\/wp\/v2\/pages\/29\/revisions\/798"}],"up":[{"embeddable":true,"href":"https:\/\/7com.ovh\/index.php\/wp-json\/wp\/v2\/pages\/19"}],"wp:attachment":[{"href":"https:\/\/7com.ovh\/index.php\/wp-json\/wp\/v2\/media?parent=29"}],"curies":[{"name":"wp","href":"https:\/\/api.w.org\/{rel}","templated":true}]}}