{"id":31,"date":"2023-01-12T17:54:21","date_gmt":"2023-01-12T16:54:21","guid":{"rendered":"http:\/\/7com.ovh\/?page_id=31"},"modified":"2023-02-08T14:45:02","modified_gmt":"2023-02-08T13:45:02","slug":"nos-supports","status":"publish","type":"page","link":"https:\/\/7com.ovh\/index.php\/nos-supports\/","title":{"rendered":"Nos supports"},"content":{"rendered":"\t\t<div data-elementor-type=\"wp-page\" data-elementor-id=\"31\" class=\"elementor elementor-31\">\n\t\t\t\t\t\t\t<div class=\"elementor-element elementor-element-53e373e e-con-boxed e-con\" data-id=\"53e373e\" data-element_type=\"container\" data-settings=\"{&quot;content_width&quot;:&quot;boxed&quot;}\">\n\t\t\t\t\t<div class=\"e-con-inner\">\n\t\t<div class=\"elementor-element elementor-element-032cb9b e-con-boxed e-con\" data-id=\"032cb9b\" data-element_type=\"container\" data-settings=\"{&quot;content_width&quot;:&quot;boxed&quot;}\">\n\t\t\t\t\t<div class=\"e-con-inner\">\n\t\t\t\t<div class=\"elementor-element elementor-element-9be5fde elementor-widget elementor-widget-heading\" data-id=\"9be5fde\" data-element_type=\"widget\" data-widget_type=\"heading.default\">\n\t\t\t\t<div class=\"elementor-widget-container\">\n\t\t\t<style>\/*! elementor - v3.11.1 - 15-02-2023 *\/\n.elementor-heading-title{padding:0;margin:0;line-height:1}.elementor-widget-heading .elementor-heading-title[class*=elementor-size-]>a{color:inherit;font-size:inherit;line-height:inherit}.elementor-widget-heading .elementor-heading-title.elementor-size-small{font-size:15px}.elementor-widget-heading .elementor-heading-title.elementor-size-medium{font-size:19px}.elementor-widget-heading .elementor-heading-title.elementor-size-large{font-size:29px}.elementor-widget-heading .elementor-heading-title.elementor-size-xl{font-size:39px}.elementor-widget-heading .elementor-heading-title.elementor-size-xxl{font-size:59px}<\/style><h2 class=\"elementor-heading-title elementor-size-default\">Les pr\u00e9sentoirs 7Com<\/h2>\t\t<\/div>\n\t\t\t\t<\/div>\n\t\t\t\t<div class=\"elementor-element elementor-element-2451088 elementor-widget elementor-widget-text-editor\" data-id=\"2451088\" data-element_type=\"widget\" data-widget_type=\"text-editor.default\">\n\t\t\t\t<div class=\"elementor-widget-container\">\n\t\t\t<style>\/*! elementor - v3.11.1 - 15-02-2023 *\/\n.elementor-widget-text-editor.elementor-drop-cap-view-stacked .elementor-drop-cap{background-color:#818a91;color:#fff}.elementor-widget-text-editor.elementor-drop-cap-view-framed .elementor-drop-cap{color:#818a91;border:3px solid;background-color:transparent}.elementor-widget-text-editor:not(.elementor-drop-cap-view-default) .elementor-drop-cap{margin-top:8px}.elementor-widget-text-editor:not(.elementor-drop-cap-view-default) .elementor-drop-cap-letter{width:1em;height:1em}.elementor-widget-text-editor .elementor-drop-cap{float:left;text-align:center;line-height:1;font-size:50px}.elementor-widget-text-editor .elementor-drop-cap-letter{display:inline-block}<\/style>\t\t\t\t<p>Compacts, esth\u00e9tiques, les <strong>pr\u00e9sentoirs 7Com<\/strong> se glissent partout o\u00f9 il faut \u00eatre vu sur la m\u00e9tropole lilloise : restaurants et bars \u00e0 la mode, h\u00f4tels, lieux culturels, grandes \u00e9coles\u2026<br \/><br \/><a href=\"http:\/\/7com-reseaux.fr\/presentoirs-7com\/\">En savoir plus&#8230;<\/a><\/p>\t\t\t\t\t\t<\/div>\n\t\t\t\t<\/div>\n\t\t\t\t\t<\/div>\n\t\t\t\t<\/div>\n\t\t\t\t<div class=\"elementor-element elementor-element-7ee9c39 elementor-widget elementor-widget-image\" data-id=\"7ee9c39\" data-element_type=\"widget\" data-widget_type=\"image.default\">\n\t\t\t\t<div class=\"elementor-widget-container\">\n\t\t\t<style>\/*! elementor - v3.11.1 - 15-02-2023 *\/\n.elementor-widget-image{text-align:center}.elementor-widget-image a{display:inline-block}.elementor-widget-image a img[src$=\".svg\"]{width:48px}.elementor-widget-image img{vertical-align:middle;display:inline-block}<\/style>\t\t\t\t\t\t\t\t\t\t\t\t<img loading=\"lazy\" decoding=\"async\" width=\"209\" height=\"115\" src=\"https:\/\/7com.ovh\/wp-content\/uploads\/2023\/02\/alfosse.jpg\" class=\"attachment-large size-large wp-image-499\" alt=\"Les pr\u00e9sentoirs 7Com\" \/>\t\t\t\t\t\t\t\t\t\t\t\t\t\t\t<\/div>\n\t\t\t\t<\/div>\n\t\t\t\t\t<\/div>\n\t\t\t\t<\/div>\n\t\t<div class=\"elementor-element elementor-element-465df2a e-con-boxed e-con\" data-id=\"465df2a\" data-element_type=\"container\" data-settings=\"{&quot;content_width&quot;:&quot;boxed&quot;}\">\n\t\t\t\t\t<div class=\"e-con-inner\">\n\t\t\t\t<div class=\"elementor-element elementor-element-4d3fd0d elementor-widget elementor-widget-image\" data-id=\"4d3fd0d\" data-element_type=\"widget\" data-widget_type=\"image.default\">\n\t\t\t\t<div class=\"elementor-widget-container\">\n\t\t\t\t\t\t\t\t\t\t\t\t\t\t\t<img loading=\"lazy\" decoding=\"async\" width=\"209\" height=\"115\" src=\"https:\/\/7com.ovh\/wp-content\/uploads\/2023\/02\/lhippodrome-de-douai.jpg\" class=\"attachment-large size-large wp-image-503\" alt=\"Les pr\u00e9sentoirs FHS Culture\" \/>\t\t\t\t\t\t\t\t\t\t\t\t\t\t\t<\/div>\n\t\t\t\t<\/div>\n\t\t<div class=\"elementor-element elementor-element-4f103ac e-con-boxed e-con\" data-id=\"4f103ac\" data-element_type=\"container\" data-settings=\"{&quot;content_width&quot;:&quot;boxed&quot;}\">\n\t\t\t\t\t<div class=\"e-con-inner\">\n\t\t\t\t<div class=\"elementor-element elementor-element-91a09b3 elementor-widget elementor-widget-heading\" data-id=\"91a09b3\" data-element_type=\"widget\" data-widget_type=\"heading.default\">\n\t\t\t\t<div class=\"elementor-widget-container\">\n\t\t\t<h2 class=\"elementor-heading-title elementor-size-default\">Les pr\u00e9sentoirs FHS Culture<\/h2>\t\t<\/div>\n\t\t\t\t<\/div>\n\t\t\t\t<div class=\"elementor-element elementor-element-b4c2f2d elementor-widget elementor-widget-text-editor\" data-id=\"b4c2f2d\" data-element_type=\"widget\" data-widget_type=\"text-editor.default\">\n\t\t\t\t<div class=\"elementor-widget-container\">\n\t\t\t\t\t\t\t<p>Plus massifs, les pr\u00e9sentoirs FHS Culture s\u2019imposent dans les halls des grands \u00e9tablissements culturels ou institutionnels de la r\u00e9gion Nord \u2013 Pas-de-Calais pour diffuser vos messages aupr\u00e8s d\u2019une cible privil\u00e9gi\u00e9e.<br \/><br \/><a href=\"http:\/\/7com-reseaux.fr\/presentoirs-fhs-culture\/\">En savoir plus&#8230;<\/a><\/p>\t\t\t\t\t\t<\/div>\n\t\t\t\t<\/div>\n\t\t\t\t\t<\/div>\n\t\t\t\t<\/div>\n\t\t\t\t\t<\/div>\n\t\t\t\t<\/div>\n\t\t<div class=\"elementor-element elementor-element-2804bc5 e-con-boxed e-con\" data-id=\"2804bc5\" data-element_type=\"container\" data-settings=\"{&quot;content_width&quot;:&quot;boxed&quot;}\">\n\t\t\t\t\t<div class=\"e-con-inner\">\n\t\t<div class=\"elementor-element elementor-element-afca839 e-con-boxed e-con\" data-id=\"afca839\" data-element_type=\"container\" data-settings=\"{&quot;content_width&quot;:&quot;boxed&quot;}\">\n\t\t\t\t\t<div class=\"e-con-inner\">\n\t\t\t\t<div class=\"elementor-element elementor-element-7c410ff elementor-widget elementor-widget-heading\" data-id=\"7c410ff\" data-element_type=\"widget\" data-widget_type=\"heading.default\">\n\t\t\t\t<div class=\"elementor-widget-container\">\n\t\t\t<h2 class=\"elementor-heading-title elementor-size-default\">Les cadres Agenda<\/h2>\t\t<\/div>\n\t\t\t\t<\/div>\n\t\t\t\t<div class=\"elementor-element elementor-element-11f15d8 elementor-widget elementor-widget-text-editor\" data-id=\"11f15d8\" data-element_type=\"widget\" data-widget_type=\"text-editor.default\">\n\t\t\t\t<div class=\"elementor-widget-container\">\n\t\t\t\t\t\t\t<p>Accroch\u00e9s aux pr\u00e9sentoirs FHS Culture, les cadres Agenda offre \u00e0 vos affiches une visibilit\u00e9 id\u00e9ale au c\u0153ur des \u00e9tablissements culturels de la r\u00e9gion. Associ\u00e9s \u00e0 la diffusion d\u2019une brochure, ils boostent l\u2019impact de votre campagne.<br \/><br \/><a href=\"http:\/\/7com-reseaux.fr\/supports-diffusion-7com\/affichage-agenda-culturel\/\">En savoir plus&#8230;<\/a><\/p>\t\t\t\t\t\t<\/div>\n\t\t\t\t<\/div>\n\t\t\t\t\t<\/div>\n\t\t\t\t<\/div>\n\t\t\t\t<div class=\"elementor-element elementor-element-f5a42f3 elementor-widget elementor-widget-image\" data-id=\"f5a42f3\" data-element_type=\"widget\" data-widget_type=\"image.default\">\n\t\t\t\t<div class=\"elementor-widget-container\">\n\t\t\t\t\t\t\t\t\t\t\t\t\t\t\t<img loading=\"lazy\" decoding=\"async\" width=\"209\" height=\"115\" src=\"https:\/\/7com.ovh\/wp-content\/uploads\/2023\/02\/musee-le-MUBA-de-tourcoing.jpg\" class=\"attachment-large size-large wp-image-504\" alt=\"Les cadres Agenda\" \/>\t\t\t\t\t\t\t\t\t\t\t\t\t\t\t<\/div>\n\t\t\t\t<\/div>\n\t\t\t\t\t<\/div>\n\t\t\t\t<\/div>\n\t\t<div class=\"elementor-element elementor-element-e37a5fc e-con-boxed e-con\" data-id=\"e37a5fc\" data-element_type=\"container\" data-settings=\"{&quot;content_width&quot;:&quot;boxed&quot;}\">\n\t\t\t\t\t<div class=\"e-con-inner\">\n\t\t\t\t<div class=\"elementor-element elementor-element-993ecab elementor-widget elementor-widget-image\" data-id=\"993ecab\" data-element_type=\"widget\" data-widget_type=\"image.default\">\n\t\t\t\t<div class=\"elementor-widget-container\">\n\t\t\t\t\t\t\t\t\t\t\t\t\t\t\t<img loading=\"lazy\" decoding=\"async\" width=\"209\" height=\"115\" src=\"https:\/\/7com.ovh\/wp-content\/uploads\/2023\/02\/cafe-du-marche.jpg\" class=\"attachment-large size-large wp-image-501\" alt=\"Les cadres Outdoor\" \/>\t\t\t\t\t\t\t\t\t\t\t\t\t\t\t<\/div>\n\t\t\t\t<\/div>\n\t\t<div class=\"elementor-element elementor-element-221ede6 e-con-boxed e-con\" data-id=\"221ede6\" data-element_type=\"container\" data-settings=\"{&quot;content_width&quot;:&quot;boxed&quot;}\">\n\t\t\t\t\t<div class=\"e-con-inner\">\n\t\t\t\t<div class=\"elementor-element elementor-element-02eac58 elementor-widget elementor-widget-heading\" data-id=\"02eac58\" data-element_type=\"widget\" data-widget_type=\"heading.default\">\n\t\t\t\t<div class=\"elementor-widget-container\">\n\t\t\t<h2 class=\"elementor-heading-title elementor-size-default\">Les cadres Outdoor<\/h2>\t\t<\/div>\n\t\t\t\t<\/div>\n\t\t\t\t<div class=\"elementor-element elementor-element-122e066 elementor-widget elementor-widget-text-editor\" data-id=\"122e066\" data-element_type=\"widget\" data-widget_type=\"text-editor.default\">\n\t\t\t\t<div class=\"elementor-widget-container\">\n\t\t\t\t\t\t\t<p>Des cadres install\u00e9s en ext\u00e9rieur ou int\u00e9rieur d\u2019\u00e9tablissements sur la m\u00e9tropole lilloise, pour un affichage s\u00e9curis\u00e9 qui vous garantit une campagne durable.<br \/><br \/><a href=\"http:\/\/7com-reseaux.fr\/supports-diffusion-7com\/affichage-sous-cadre-protege-outdoor\/\">En savoir plus&#8230;<\/a><\/p>\t\t\t\t\t\t<\/div>\n\t\t\t\t<\/div>\n\t\t\t\t\t<\/div>\n\t\t\t\t<\/div>\n\t\t\t\t\t<\/div>\n\t\t\t\t<\/div>\n\t\t<div class=\"elementor-element elementor-element-3595190 e-con-boxed e-con\" data-id=\"3595190\" data-element_type=\"container\" data-settings=\"{&quot;content_width&quot;:&quot;boxed&quot;}\">\n\t\t\t\t\t<div class=\"e-con-inner\">\n\t\t<div class=\"elementor-element elementor-element-debd158 e-con-boxed e-con\" data-id=\"debd158\" data-element_type=\"container\" data-settings=\"{&quot;content_width&quot;:&quot;boxed&quot;}\">\n\t\t\t\t\t<div class=\"e-con-inner\">\n\t\t\t\t<div class=\"elementor-element elementor-element-03cfd9d elementor-widget elementor-widget-heading\" data-id=\"03cfd9d\" data-element_type=\"widget\" data-widget_type=\"heading.default\">\n\t\t\t\t<div class=\"elementor-widget-container\">\n\t\t\t<h2 class=\"elementor-heading-title elementor-size-default\">Les m\u00e9dias tactiques<\/h2>\t\t<\/div>\n\t\t\t\t<\/div>\n\t\t\t\t<div class=\"elementor-element elementor-element-02c6f1b elementor-widget elementor-widget-text-editor\" data-id=\"02c6f1b\" data-element_type=\"widget\" data-widget_type=\"text-editor.default\">\n\t\t\t\t<div class=\"elementor-widget-container\">\n\t\t\t\t\t\t\t<p>Des m\u00e9dias alternatifs hyper performants pour toucher une cible pr\u00e9cise dans des moments de d\u00e9tente, sur une zone g\u00e9ographique sp\u00e9cifique.<br \/><br \/><a href=\"http:\/\/7com-reseaux.fr\/supports-diffusion-7com\/media-tactique\/\">En savoir plus&#8230;<\/a><\/p>\t\t\t\t\t\t<\/div>\n\t\t\t\t<\/div>\n\t\t\t\t\t<\/div>\n\t\t\t\t<\/div>\n\t\t\t\t<div class=\"elementor-element elementor-element-ee0effd elementor-widget elementor-widget-image\" data-id=\"ee0effd\" data-element_type=\"widget\" data-widget_type=\"image.default\">\n\t\t\t\t<div class=\"elementor-widget-container\">\n\t\t\t\t\t\t\t\t\t\t\t\t\t\t\t<img loading=\"lazy\" decoding=\"async\" width=\"460\" height=\"360\" src=\"https:\/\/7com.ovh\/wp-content\/uploads\/2023\/02\/baguette2.jpg\" class=\"attachment-large size-large wp-image-500\" alt=\"Les m\u00e9dias tactiques\" srcset=\"https:\/\/7com.ovh\/wp-content\/uploads\/2023\/02\/baguette2.jpg 460w, https:\/\/7com.ovh\/wp-content\/uploads\/2023\/02\/baguette2-300x235.jpg 300w\" sizes=\"auto, (max-width: 460px) 100vw, 460px\" \/>\t\t\t\t\t\t\t\t\t\t\t\t\t\t\t<\/div>\n\t\t\t\t<\/div>\n\t\t\t\t\t<\/div>\n\t\t\t\t<\/div>\n\t\t<div class=\"elementor-element elementor-element-d2968db e-con-boxed e-con\" data-id=\"d2968db\" data-element_type=\"container\" data-settings=\"{&quot;content_width&quot;:&quot;boxed&quot;}\">\n\t\t\t\t\t<div class=\"e-con-inner\">\n\t\t\t\t<div class=\"elementor-element elementor-element-2642223 elementor-widget elementor-widget-image\" data-id=\"2642223\" data-element_type=\"widget\" data-widget_type=\"image.default\">\n\t\t\t\t<div class=\"elementor-widget-container\">\n\t\t\t\t\t\t\t\t\t\t\t\t\t\t\t<img loading=\"lazy\" decoding=\"async\" width=\"640\" height=\"427\" src=\"https:\/\/7com.ovh\/wp-content\/uploads\/2023\/02\/JY5D7883-1.jpeg\" class=\"attachment-large size-large wp-image-502\" alt=\"L&#039;affichage Cube\" srcset=\"https:\/\/7com.ovh\/wp-content\/uploads\/2023\/02\/JY5D7883-1.jpeg 640w, https:\/\/7com.ovh\/wp-content\/uploads\/2023\/02\/JY5D7883-1-300x200.jpeg 300w\" sizes=\"auto, (max-width: 640px) 100vw, 640px\" \/>\t\t\t\t\t\t\t\t\t\t\t\t\t\t\t<\/div>\n\t\t\t\t<\/div>\n\t\t<div class=\"elementor-element elementor-element-2ad71a3 e-con-boxed e-con\" data-id=\"2ad71a3\" data-element_type=\"container\" data-settings=\"{&quot;content_width&quot;:&quot;boxed&quot;}\">\n\t\t\t\t\t<div class=\"e-con-inner\">\n\t\t\t\t<div class=\"elementor-element elementor-element-238cdbb elementor-widget elementor-widget-heading\" data-id=\"238cdbb\" data-element_type=\"widget\" data-widget_type=\"heading.default\">\n\t\t\t\t<div class=\"elementor-widget-container\">\n\t\t\t<h2 class=\"elementor-heading-title elementor-size-default\">L'affichage Cube<\/h2>\t\t<\/div>\n\t\t\t\t<\/div>\n\t\t\t\t<div class=\"elementor-element elementor-element-1de7c42 elementor-widget elementor-widget-text-editor\" data-id=\"1de7c42\" data-element_type=\"widget\" data-widget_type=\"text-editor.default\">\n\t\t\t\t<div class=\"elementor-widget-container\">\n\t\t\t\t\t\t\t<p>L\u2019affichage grand format \u00e0 poser o\u00f9\u00a0 vous voulez !<\/p><p><a href=\"http:\/\/7com-reseaux.fr\/supports-diffusion-7com\/affichage-cube\/\">En savoir plus&#8230;<\/a><\/p>\t\t\t\t\t\t<\/div>\n\t\t\t\t<\/div>\n\t\t\t\t\t<\/div>\n\t\t\t\t<\/div>\n\t\t\t\t\t<\/div>\n\t\t\t\t<\/div>\n\t\t\t\t\t\t\t<\/div>\n\t\t","protected":false},"excerpt":{"rendered":"<p>Les pr\u00e9sentoirs 7Com Compacts, esth\u00e9tiques, les pr\u00e9sentoirs 7Com se glissent partout o\u00f9 il faut \u00eatre vu sur la m\u00e9tropole lilloise : restaurants et bars \u00e0 la mode, h\u00f4tels, lieux culturels, grandes \u00e9coles\u2026 En savoir plus&#8230; Les pr\u00e9sentoirs FHS Culture Plus massifs, les pr\u00e9sentoirs FHS Culture s\u2019imposent dans les halls des grands \u00e9tablissements culturels ou institutionnels [&hellip;]<\/p>\n","protected":false},"author":1,"featured_media":0,"parent":0,"menu_order":0,"comment_status":"closed","ping_status":"closed","template":"","meta":{"footnotes":""},"class_list":["post-31","page","type-page","status-publish","hentry"],"_links":{"self":[{"href":"https:\/\/7com.ovh\/index.php\/wp-json\/wp\/v2\/pages\/31","targetHints":{"allow":["GET"]}}],"collection":[{"href":"https:\/\/7com.ovh\/index.php\/wp-json\/wp\/v2\/pages"}],"about":[{"href":"https:\/\/7com.ovh\/index.php\/wp-json\/wp\/v2\/types\/page"}],"author":[{"embeddable":true,"href":"https:\/\/7com.ovh\/index.php\/wp-json\/wp\/v2\/users\/1"}],"replies":[{"embeddable":true,"href":"https:\/\/7com.ovh\/index.php\/wp-json\/wp\/v2\/comments?post=31"}],"version-history":[{"count":11,"href":"https:\/\/7com.ovh\/index.php\/wp-json\/wp\/v2\/pages\/31\/revisions"}],"predecessor-version":[{"id":543,"href":"https:\/\/7com.ovh\/index.php\/wp-json\/wp\/v2\/pages\/31\/revisions\/543"}],"wp:attachment":[{"href":"https:\/\/7com.ovh\/index.php\/wp-json\/wp\/v2\/media?parent=31"}],"curies":[{"name":"wp","href":"https:\/\/api.w.org\/{rel}","templated":true}]}}