{"id":35,"date":"2023-01-12T17:55:05","date_gmt":"2023-01-12T16:55:05","guid":{"rendered":"http:\/\/7com.ovh\/?page_id=35"},"modified":"2023-03-10T18:22:09","modified_gmt":"2023-03-10T17:22:09","slug":"presentoirs-fhs-culture","status":"publish","type":"page","link":"https:\/\/7com.ovh\/index.php\/nos-supports\/presentoirs-fhs-culture\/","title":{"rendered":"Pr\u00e9sentoirs FHS Culture"},"content":{"rendered":"\t\t<div data-elementor-type=\"wp-page\" data-elementor-id=\"35\" class=\"elementor elementor-35\">\n\t\t\t\t\t\t\t<div class=\"elementor-element elementor-element-5001071 e-con-boxed e-con\" data-id=\"5001071\" data-element_type=\"container\" data-settings=\"{&quot;content_width&quot;:&quot;boxed&quot;}\">\n\t\t\t\t\t<div class=\"e-con-inner\">\n\t\t\t\t<div class=\"elementor-element elementor-element-0bfe51f elementor-widget elementor-widget-text-editor\" data-id=\"0bfe51f\" data-element_type=\"widget\" data-widget_type=\"text-editor.default\">\n\t\t\t\t<div class=\"elementor-widget-container\">\n\t\t\t<style>\/*! elementor - v3.11.1 - 15-02-2023 *\/\n.elementor-widget-text-editor.elementor-drop-cap-view-stacked .elementor-drop-cap{background-color:#818a91;color:#fff}.elementor-widget-text-editor.elementor-drop-cap-view-framed .elementor-drop-cap{color:#818a91;border:3px solid;background-color:transparent}.elementor-widget-text-editor:not(.elementor-drop-cap-view-default) .elementor-drop-cap{margin-top:8px}.elementor-widget-text-editor:not(.elementor-drop-cap-view-default) .elementor-drop-cap-letter{width:1em;height:1em}.elementor-widget-text-editor .elementor-drop-cap{float:left;text-align:center;line-height:1;font-size:50px}.elementor-widget-text-editor .elementor-drop-cap-letter{display:inline-block}<\/style>\t\t\t\t<div class=\"column one\"><div class=\"inner-padding\"><h2>Des pr\u00e9sentoirs qui vous donnent acc\u00e8s \u00e0 la culture.<\/h2><\/div><\/div><div class=\"column one\"><hr \/><\/div><div class=\"column one-second\"><div class=\"inner-padding\"><p>Implant\u00e9s dans les \u00e9tablissements culturels majeurs du Nord &#8211; Pas de Calais, les pr\u00e9sentoirs FHS Culture diffusent votre information aupr\u00e8s d&#8217;un public friand de sorties culturelles.<\/p><br \/><p>En savoir plus :\u00a0<a href=\"http:\/\/7com-reseaux.fr\/reseau-fhs-culture\/\">Voir le r\u00e9seau FHS Culture<\/a><\/p><br \/><h3>Avantages<\/h3><ul><li>Les \u00e9tablissements culturels du r\u00e9seau FHS Culture sont s\u00e9lectionn\u00e9s pour leur programmation r\u00e9guli\u00e8re, garantissant un flux constant de public,<\/li><li>Les pr\u00e9sentoirs FHS Culture, implant\u00e9s en plein c\u0153ur des mus\u00e9es, th\u00e9\u00e2tres, salle de spectacle\u2026 assurent \u00e0 votre campagne la meilleure visibilit\u00e9 aupr\u00e8s d&#8217;habitu\u00e9s des sorties culturelles,<\/li><li>Votre \u00e9v\u00e9nement \u00e0 une port\u00e9e locale ? Le r\u00e9seau FHS Culture est compos\u00e9 de 4 zones g\u00e9ographiques distinctes, utilisables ind\u00e9pendamment les unes des autres,<\/li><li>Tous les formats de document jusqu\u2019au A4 sont bienvenus&#8230;<\/li><\/ul><br \/><h3>Service +<\/h3><ul><li>La garantie d\u2019une visibilit\u00e9 durable : les pr\u00e9sentoirs FHS Culture sont r\u00e9approvisionn\u00e9s toutes les deux semaines par nos soins. Pas de rupture, votre message reste disponible sur toute la dur\u00e9e de la campagne.<\/li><li>L\u2019assurance du travail bien fait : d\u00e8s le d\u00e9marrage de votre campagne, vous recevez un reportage photo attestant de la mise en place de votre campagne sur le terrain.<\/li><\/ul><\/div><\/div><div class=\"column one-second\"><div class=\"inner-padding\"><h3>Le r\u00e9seau FHS Culture, c\u2019est notamment :<\/h3><ul><li>Le mus\u00e9e La Piscine,<\/li><li>Le Lam,<\/li><li>Le MUba,<\/li><li>Le Fresnoy,<\/li><li>Lille Grand Palais,<\/li><li>La Cit\u00e9 de la Dentelle et de la Mode,<\/li><li>Le mus\u00e9e Matisse,<\/li><li>Le FRAC,<\/li><li>Le Centre Historique Minier,<\/li><li>Le Bateau Feu,<\/li><li>Le Channel,<\/li><li>Le Ph\u00e9nix,<\/li><li>Le th\u00e9\u00e2tre du Man\u00e8ge,<\/li><li>L&#8217;Institut pour la Photographie,<\/li><li>La Coupole d&#8217;Helfaut\u2026<\/li><\/ul><\/div><\/div>\t\t\t\t\t\t<\/div>\n\t\t\t\t<\/div>\n\t\t<div class=\"elementor-element elementor-element-ff46e17 e-con-boxed e-con\" data-id=\"ff46e17\" data-element_type=\"container\" data-settings=\"{&quot;content_width&quot;:&quot;boxed&quot;}\">\n\t\t\t\t\t<div class=\"e-con-inner\">\n\t\t\t\t<div class=\"elementor-element elementor-element-fa34253 elementor-arrows-position-inside elementor-pagination-position-outside elementor-widget elementor-widget-image-carousel\" data-id=\"fa34253\" data-element_type=\"widget\" data-settings=\"{&quot;slides_to_show&quot;:&quot;1&quot;,&quot;navigation&quot;:&quot;both&quot;,&quot;autoplay&quot;:&quot;yes&quot;,&quot;pause_on_hover&quot;:&quot;yes&quot;,&quot;pause_on_interaction&quot;:&quot;yes&quot;,&quot;autoplay_speed&quot;:5000,&quot;infinite&quot;:&quot;yes&quot;,&quot;effect&quot;:&quot;slide&quot;,&quot;speed&quot;:500}\" data-widget_type=\"image-carousel.default\">\n\t\t\t\t<div class=\"elementor-widget-container\">\n\t\t\t<style>\/*! elementor - v3.11.1 - 15-02-2023 *\/\n.elementor-widget-image-carousel .swiper,.elementor-widget-image-carousel .swiper-container{position:static}.elementor-widget-image-carousel .swiper-container .swiper-slide figure,.elementor-widget-image-carousel .swiper .swiper-slide figure{line-height:inherit}.elementor-widget-image-carousel .swiper-slide{text-align:center}.elementor-image-carousel-wrapper:not(.swiper-container-initialized) .swiper-slide,.elementor-image-carousel-wrapper:not(.swiper-initialized) .swiper-slide{max-width:calc(100% \/ var(--e-image-carousel-slides-to-show, 3))}<\/style>\t\t<div class=\"elementor-image-carousel-wrapper swiper-container\" dir=\"ltr\">\n\t\t\t<div class=\"elementor-image-carousel swiper-wrapper\">\n\t\t\t\t\t\t\t\t<div class=\"swiper-slide\"><figure class=\"swiper-slide-inner\"><img decoding=\"async\" class=\"swiper-slide-image\" src=\"https:\/\/7com.ovh\/wp-content\/uploads\/2023\/03\/FHS-Culture-01.png\" alt=\"FHS Culture 01\" \/><\/figure><\/div><div class=\"swiper-slide\"><figure class=\"swiper-slide-inner\"><img decoding=\"async\" class=\"swiper-slide-image\" src=\"https:\/\/7com.ovh\/wp-content\/uploads\/2023\/03\/FHS-Culture-02.png\" alt=\"FHS Culture 02\" \/><\/figure><\/div><div class=\"swiper-slide\"><figure class=\"swiper-slide-inner\"><img decoding=\"async\" class=\"swiper-slide-image\" src=\"https:\/\/7com.ovh\/wp-content\/uploads\/2023\/03\/FHS-Culture-03.png\" alt=\"FHS Culture 03\" \/><\/figure><\/div>\t\t\t<\/div>\n\t\t\t\t\t\t\t\t\t\t\t\t<div class=\"swiper-pagination\"><\/div>\n\t\t\t\t\t\t\t\t\t\t\t\t\t<div class=\"elementor-swiper-button elementor-swiper-button-prev\">\n\t\t\t\t\t\t<svg aria-hidden=\"true\" class=\"e-font-icon-svg e-eicon-chevron-left\" viewBox=\"0 0 1000 1000\" xmlns=\"http:\/\/www.w3.org\/2000\/svg\"><path d=\"M646 125C629 125 613 133 604 142L308 442C296 454 292 471 292 487 292 504 296 521 308 533L604 854C617 867 629 875 646 875 663 875 679 871 692 858 704 846 713 829 713 812 713 796 708 779 692 767L438 487 692 225C700 217 708 204 708 187 708 171 704 154 692 142 675 129 663 125 646 125Z\"><\/path><\/svg>\t\t\t\t\t\t<span class=\"elementor-screen-only\">Previous<\/span>\n\t\t\t\t\t<\/div>\n\t\t\t\t\t<div class=\"elementor-swiper-button elementor-swiper-button-next\">\n\t\t\t\t\t\t<svg aria-hidden=\"true\" class=\"e-font-icon-svg e-eicon-chevron-right\" viewBox=\"0 0 1000 1000\" xmlns=\"http:\/\/www.w3.org\/2000\/svg\"><path d=\"M696 533C708 521 713 504 713 487 713 471 708 454 696 446L400 146C388 133 375 125 354 125 338 125 325 129 313 142 300 154 292 171 292 187 292 204 296 221 308 233L563 492 304 771C292 783 288 800 288 817 288 833 296 850 308 863 321 871 338 875 354 875 371 875 388 867 400 854L696 533Z\"><\/path><\/svg>\t\t\t\t\t\t<span class=\"elementor-screen-only\">Next<\/span>\n\t\t\t\t\t<\/div>\n\t\t\t\t\t\t\t\t\t<\/div>\n\t\t\t\t<\/div>\n\t\t\t\t<\/div>\n\t\t\t\t<div class=\"elementor-element elementor-element-21803e8 elementor-arrows-position-inside elementor-pagination-position-outside elementor-widget elementor-widget-image-carousel\" data-id=\"21803e8\" data-element_type=\"widget\" data-settings=\"{&quot;slides_to_show&quot;:&quot;1&quot;,&quot;navigation&quot;:&quot;both&quot;,&quot;autoplay&quot;:&quot;yes&quot;,&quot;pause_on_hover&quot;:&quot;yes&quot;,&quot;pause_on_interaction&quot;:&quot;yes&quot;,&quot;autoplay_speed&quot;:5000,&quot;infinite&quot;:&quot;yes&quot;,&quot;effect&quot;:&quot;slide&quot;,&quot;speed&quot;:500}\" data-widget_type=\"image-carousel.default\">\n\t\t\t\t<div class=\"elementor-widget-container\">\n\t\t\t\t\t<div class=\"elementor-image-carousel-wrapper swiper-container\" dir=\"ltr\">\n\t\t\t<div class=\"elementor-image-carousel swiper-wrapper\">\n\t\t\t\t\t\t\t\t<div class=\"swiper-slide\"><a data-elementor-open-lightbox=\"yes\" data-elementor-lightbox-slideshow=\"21803e8\" data-elementor-lightbox-title=\"Europalia\" data-e-action-hash=\"#elementor-action%3Aaction%3Dlightbox%26settings%3DeyJpZCI6ODA4LCJ1cmwiOiJodHRwczpcL1wvN2NvbS5vdmhcL3dwLWNvbnRlbnRcL3VwbG9hZHNcLzIwMjNcLzAzXC9FdXJvcGFsaWEucG5nIiwic2xpZGVzaG93IjoiMjE4MDNlOCJ9\" href=\"http:\/\/7com.ovh\/index.php\/nos-realisations\/\"><figure class=\"swiper-slide-inner\"><img decoding=\"async\" class=\"swiper-slide-image\" src=\"https:\/\/7com.ovh\/wp-content\/uploads\/2023\/03\/Europalia-768x576.png\" alt=\"Europalia\" \/><\/figure><\/a><\/div><div class=\"swiper-slide\"><a data-elementor-open-lightbox=\"yes\" data-elementor-lightbox-slideshow=\"21803e8\" data-elementor-lightbox-title=\"La rose des vents - Th\u00e9\u00e2tre, Danse, Cirque, Magie, Cin\u00e9ma\" data-e-action-hash=\"#elementor-action%3Aaction%3Dlightbox%26settings%3DeyJpZCI6ODA5LCJ1cmwiOiJodHRwczpcL1wvN2NvbS5vdmhcL3dwLWNvbnRlbnRcL3VwbG9hZHNcLzIwMjNcLzAzXC9MYS1yb3NlLWRlcy12ZW50cy1UaGVhdHJlLURhbnNlLUNpcnF1ZS1NYWdpZS1DaW5lbWEucG5nIiwic2xpZGVzaG93IjoiMjE4MDNlOCJ9\" href=\"http:\/\/7com.ovh\/index.php\/nos-realisations\/\"><figure class=\"swiper-slide-inner\"><img decoding=\"async\" class=\"swiper-slide-image\" src=\"https:\/\/7com.ovh\/wp-content\/uploads\/2023\/03\/La-rose-des-vents-Theatre-Danse-Cirque-Magie-Cinema-768x576.png\" alt=\"La rose des vents - Th\u00e9\u00e2tre, Danse, Cirque, Magie, Cin\u00e9ma\" \/><\/figure><\/a><\/div><div class=\"swiper-slide\"><a data-elementor-open-lightbox=\"yes\" data-elementor-lightbox-slideshow=\"21803e8\" data-elementor-lightbox-title=\"LAAC\" data-e-action-hash=\"#elementor-action%3Aaction%3Dlightbox%26settings%3DeyJpZCI6ODEwLCJ1cmwiOiJodHRwczpcL1wvN2NvbS5vdmhcL3dwLWNvbnRlbnRcL3VwbG9hZHNcLzIwMjNcLzAzXC9MQUFDLnBuZyIsInNsaWRlc2hvdyI6IjIxODAzZTgifQ%3D%3D\" href=\"http:\/\/7com.ovh\/index.php\/nos-realisations\/\"><figure class=\"swiper-slide-inner\"><img decoding=\"async\" class=\"swiper-slide-image\" src=\"https:\/\/7com.ovh\/wp-content\/uploads\/2023\/03\/LAAC-768x576.png\" alt=\"LAAC\" \/><\/figure><\/a><\/div><div class=\"swiper-slide\"><a data-elementor-open-lightbox=\"yes\" data-elementor-lightbox-slideshow=\"21803e8\" data-elementor-lightbox-title=\"Louvre Lens - Programme J&#039;ai dix ans\" data-e-action-hash=\"#elementor-action%3Aaction%3Dlightbox%26settings%3DeyJpZCI6ODExLCJ1cmwiOiJodHRwczpcL1wvN2NvbS5vdmhcL3dwLWNvbnRlbnRcL3VwbG9hZHNcLzIwMjNcLzAzXC9Mb3V2cmUtTGVucy1Qcm9ncmFtbWUtSmFpLWRpeC1hbnMtMi5wbmciLCJzbGlkZXNob3ciOiIyMTgwM2U4In0%3D\" href=\"http:\/\/7com.ovh\/index.php\/nos-realisations\/\"><figure class=\"swiper-slide-inner\"><img decoding=\"async\" class=\"swiper-slide-image\" src=\"https:\/\/7com.ovh\/wp-content\/uploads\/2023\/03\/Louvre-Lens-Programme-Jai-dix-ans-2-768x576.png\" alt=\"Louvre Lens - Programme J&#039;ai dix ans\" \/><\/figure><\/a><\/div>\t\t\t<\/div>\n\t\t\t\t\t\t\t\t\t\t\t\t<div class=\"swiper-pagination\"><\/div>\n\t\t\t\t\t\t\t\t\t\t\t\t\t<div class=\"elementor-swiper-button elementor-swiper-button-prev\">\n\t\t\t\t\t\t<svg aria-hidden=\"true\" class=\"e-font-icon-svg e-eicon-chevron-left\" viewBox=\"0 0 1000 1000\" xmlns=\"http:\/\/www.w3.org\/2000\/svg\"><path d=\"M646 125C629 125 613 133 604 142L308 442C296 454 292 471 292 487 292 504 296 521 308 533L604 854C617 867 629 875 646 875 663 875 679 871 692 858 704 846 713 829 713 812 713 796 708 779 692 767L438 487 692 225C700 217 708 204 708 187 708 171 704 154 692 142 675 129 663 125 646 125Z\"><\/path><\/svg>\t\t\t\t\t\t<span class=\"elementor-screen-only\">Previous<\/span>\n\t\t\t\t\t<\/div>\n\t\t\t\t\t<div class=\"elementor-swiper-button elementor-swiper-button-next\">\n\t\t\t\t\t\t<svg aria-hidden=\"true\" class=\"e-font-icon-svg e-eicon-chevron-right\" viewBox=\"0 0 1000 1000\" xmlns=\"http:\/\/www.w3.org\/2000\/svg\"><path d=\"M696 533C708 521 713 504 713 487 713 471 708 454 696 446L400 146C388 133 375 125 354 125 338 125 325 129 313 142 300 154 292 171 292 187 292 204 296 221 308 233L563 492 304 771C292 783 288 800 288 817 288 833 296 850 308 863 321 871 338 875 354 875 371 875 388 867 400 854L696 533Z\"><\/path><\/svg>\t\t\t\t\t\t<span class=\"elementor-screen-only\">Next<\/span>\n\t\t\t\t\t<\/div>\n\t\t\t\t\t\t\t\t\t<\/div>\n\t\t\t\t<\/div>\n\t\t\t\t<\/div>\n\t\t\t\t\t<\/div>\n\t\t\t\t<\/div>\n\t\t\t\t\t<\/div>\n\t\t\t\t<\/div>\n\t\t\t\t\t\t\t<\/div>\n\t\t","protected":false},"excerpt":{"rendered":"<p>Des pr\u00e9sentoirs qui vous donnent acc\u00e8s \u00e0 la culture. Implant\u00e9s dans les \u00e9tablissements culturels majeurs du Nord &#8211; Pas de Calais, les pr\u00e9sentoirs FHS Culture diffusent votre information aupr\u00e8s d&#8217;un public friand de sorties culturelles. En savoir plus :\u00a0Voir le r\u00e9seau FHS Culture Avantages Les \u00e9tablissements culturels du r\u00e9seau FHS Culture sont s\u00e9lectionn\u00e9s pour leur [&hellip;]<\/p>\n","protected":false},"author":1,"featured_media":0,"parent":31,"menu_order":0,"comment_status":"closed","ping_status":"closed","template":"","meta":{"footnotes":""},"class_list":["post-35","page","type-page","status-publish","hentry"],"_links":{"self":[{"href":"https:\/\/7com.ovh\/index.php\/wp-json\/wp\/v2\/pages\/35","targetHints":{"allow":["GET"]}}],"collection":[{"href":"https:\/\/7com.ovh\/index.php\/wp-json\/wp\/v2\/pages"}],"about":[{"href":"https:\/\/7com.ovh\/index.php\/wp-json\/wp\/v2\/types\/page"}],"author":[{"embeddable":true,"href":"https:\/\/7com.ovh\/index.php\/wp-json\/wp\/v2\/users\/1"}],"replies":[{"embeddable":true,"href":"https:\/\/7com.ovh\/index.php\/wp-json\/wp\/v2\/comments?post=35"}],"version-history":[{"count":22,"href":"https:\/\/7com.ovh\/index.php\/wp-json\/wp\/v2\/pages\/35\/revisions"}],"predecessor-version":[{"id":848,"href":"https:\/\/7com.ovh\/index.php\/wp-json\/wp\/v2\/pages\/35\/revisions\/848"}],"up":[{"embeddable":true,"href":"https:\/\/7com.ovh\/index.php\/wp-json\/wp\/v2\/pages\/31"}],"wp:attachment":[{"href":"https:\/\/7com.ovh\/index.php\/wp-json\/wp\/v2\/media?parent=35"}],"curies":[{"name":"wp","href":"https:\/\/api.w.org\/{rel}","templated":true}]}}